{"id":994,"date":"2018-08-29T14:26:56","date_gmt":"2018-08-29T17:26:56","guid":{"rendered":"https:\/\/ens2-caba.infd.edu.ar\/sitio\/historia\/"},"modified":"2020-07-03T22:41:02","modified_gmt":"2020-07-04T01:41:02","slug":"historia","status":"publish","type":"page","link":"https:\/\/ens2-caba.infd.edu.ar\/sitio\/historia\/","title":{"rendered":"Historia"},"content":{"rendered":"<p>&nbsp;<\/p>\n<p style=\"text-align: center;\"><span style=\"font-family: verdana; font-size: 10pt;\"><strong><span style=\"font-family: Arial; color: #cc6600; font-size: 12pt;\">Historia<\/span><\/strong><\/span><\/p>\n<div>\n<p>La fundaci\u00f3n de la escuela surge en un momento de enfrentamientos pol\u00edticos en general y de cuestionamientos ideol\u00f3gicos respecto de la educaci\u00f3n popular en particular.<\/p>\n<p>El 20 de mayo de 1873 siendo gobernador de la Pcia. de Buenos Aires Don Mariano Acosta, se eleva a la Legislatura un proyecto de ley para la fundaci\u00f3n de dos escuelas normales: una de varones y otra de mujeres.<\/p>\n<p>En esta \u00e9poca la mitad de la poblaci\u00f3n adulta era analfabeta, de 736.923 habitantes el 71% no sab\u00eda leer ni escribir.<\/p>\n<p>El decreto de la creaci\u00f3n de la escuela es promulgado el 16 de junio de 1874 siendo Mariano Acosta vicepresidente de Nicol\u00e1s Avellaneda.<\/p>\n<p>La fundaci\u00f3n surgida en medio de una profunda polarizaci\u00f3n entre nacionalistas y autonomistas, pas\u00f3 inadvertida y reci\u00e9n con el transcurrir del tiempo recobr\u00f3 jerarqu\u00eda este hecho que prestar\u00eda grandes servicios a la cultura nacional.<br \/>\nEl plan original de estudios ten\u00eda como asignaturas:<br \/>\nPedagog\u00eda, Metodolog\u00eda, Pr\u00e1ctica de la Ense\u00f1anza, Moral Religiosa, Ingl\u00e9s, Gimnasia y M\u00fasica.<br \/>\nRespecto de los idiomas, se ense\u00f1aban franc\u00e9s y alem\u00e1n.<br \/>\nY se completaba el curso con Trigonometr\u00eda, Contabilidad General y Agronom\u00eda.<\/p>\n<\/div>\n<p>&nbsp;<\/p>\n","protected":false},"excerpt":{"rendered":"<p>&nbsp; Historia La fundaci\u00f3n de la escuela surge en un momento de enfrentamientos pol\u00edticos en general y de cuestionamientos ideol\u00f3gicos respecto de la educaci\u00f3n popular en particular. El 20 de mayo de 1873 siendo gobernador de la Pcia. de Buenos Aires Don Mariano Acosta, se eleva a la Legislatura un proyecto de ley para la &#8230; <a title=\"Historia\" class=\"read-more\" href=\"https:\/\/ens2-caba.infd.edu.ar\/sitio\/historia\/\" aria-label=\"More on Historia\">[+]<\/a><\/p>\n","protected":false},"author":1088,"featured_media":0,"parent":0,"menu_order":0,"comment_status":"closed","ping_status":"closed","template":"","meta":[],"acf":[],"_links":{"self":[{"href":"https:\/\/ens2-caba.infd.edu.ar\/sitio\/wp-json\/wp\/v2\/pages\/994"}],"collection":[{"href":"https:\/\/ens2-caba.infd.edu.ar\/sitio\/wp-json\/wp\/v2\/pages"}],"about":[{"href":"https:\/\/ens2-caba.infd.edu.ar\/sitio\/wp-json\/wp\/v2\/types\/page"}],"author":[{"embeddable":true,"href":"https:\/\/ens2-caba.infd.edu.ar\/sitio\/wp-json\/wp\/v2\/users\/1088"}],"replies":[{"embeddable":true,"href":"https:\/\/ens2-caba.infd.edu.ar\/sitio\/wp-json\/wp\/v2\/comments?post=994"}],"version-history":[{"count":4,"href":"https:\/\/ens2-caba.infd.edu.ar\/sitio\/wp-json\/wp\/v2\/pages\/994\/revisions"}],"predecessor-version":[{"id":1638,"href":"https:\/\/ens2-caba.infd.edu.ar\/sitio\/wp-json\/wp\/v2\/pages\/994\/revisions\/1638"}],"wp:attachment":[{"href":"https:\/\/ens2-caba.infd.edu.ar\/sitio\/wp-json\/wp\/v2\/media?parent=994"}],"curies":[{"name":"wp","href":"https:\/\/api.w.org\/{rel}","templated":true}]}}