{"id":992,"date":"2018-08-29T14:26:56","date_gmt":"2018-08-29T17:26:56","guid":{"rendered":"https:\/\/ens2-caba.infd.edu.ar\/sitio\/autoridades\/"},"modified":"2024-05-10T13:36:15","modified_gmt":"2024-05-10T16:36:15","slug":"autoridades","status":"publish","type":"page","link":"https:\/\/ens2-caba.infd.edu.ar\/sitio\/autoridades\/","title":{"rendered":"Autoridades"},"content":{"rendered":"<h3 class=\"texto2\" style=\"text-align: center;\"><strong><span style=\"font-size: 12pt;\" data-mce-mark=\"1\">Autoridades de la Escuela<\/span><\/strong><\/h3>\n<p class=\"texto2\"><strong>Rector:<\/strong> \u00a0Marcelo Carpintero<\/p>\n<p class=\"texto2\"><strong>Vicerrector:<\/strong> Julio Pasquarelli<\/p>\n<p class=\"texto2\"><strong>Secretario:<\/strong> Tom\u00e1s Mar\u00edn<\/p>\n<p class=\"texto2\"><strong>Nivel Terciario<\/strong><\/p>\n<p class=\"texto2\"><strong>Regente:\u00a0<\/strong>Federico Maloberti<\/p>\n<p><strong>Prosecretario:<\/strong> Hern\u00e1n\u00a0Manzi Leites<\/p>\n<p class=\"texto2\"><strong>Nivel Medio<\/strong><\/p>\n<p class=\"texto2\"><strong>Director:<\/strong> Hern\u00e1n Amato<\/p>\n<p><span class=\"texto2\" data-mce-mark=\"1\"><strong>Vicedirectora:<\/strong> Cao Patricia<\/span><\/p>\n<p><strong>Prosecretaria:<\/strong> Elsa Su\u00e1rez<\/p>\n<p><strong>Prosecretario:<\/strong> Duilio Romano<\/p>\n<p><strong>Nivel Primario<\/strong><\/p>\n<p class=\"texto2\"><strong>Regente Departamento de Aplicaci\u00f3n: <\/strong><span data-mce-mark=\"1\"> Gustavo Kopplin<\/span><\/p>\n<p><strong>Subregente Departamento de Aplicaci\u00f3n:<\/strong> Mar\u00eda Labate<\/p>\n<p><strong>Maestro Secretario:<\/strong> Diego Fern\u00e1ndez<\/p>\n<p><strong>Nivel Inicial<\/strong><\/p>\n<p class=\"texto2\"><strong>Directora:<\/strong><span data-mce-mark=\"1\"> Mariela Cozza<\/span><\/p>\n","protected":false},"excerpt":{"rendered":"<p>Autoridades de la Escuela Rector: \u00a0Marcelo Carpintero Vicerrector: Julio Pasquarelli Secretario: Tom\u00e1s Mar\u00edn Nivel Terciario Regente:\u00a0Federico Maloberti Prosecretario: Hern\u00e1n\u00a0Manzi Leites Nivel Medio Director: Hern\u00e1n Amato Vicedirectora: Cao Patricia Prosecretaria: Elsa Su\u00e1rez Prosecretario: Duilio Romano Nivel Primario Regente Departamento de Aplicaci\u00f3n: Gustavo Kopplin Subregente Departamento de Aplicaci\u00f3n: Mar\u00eda Labate Maestro Secretario: Diego Fern\u00e1ndez Nivel Inicial Directora: &#8230; <a title=\"Autoridades\" class=\"read-more\" href=\"https:\/\/ens2-caba.infd.edu.ar\/sitio\/autoridades\/\" aria-label=\"More on Autoridades\">[+]<\/a><\/p>\n","protected":false},"author":1088,"featured_media":0,"parent":0,"menu_order":0,"comment_status":"closed","ping_status":"closed","template":"","meta":[],"acf":[],"_links":{"self":[{"href":"https:\/\/ens2-caba.infd.edu.ar\/sitio\/wp-json\/wp\/v2\/pages\/992"}],"collection":[{"href":"https:\/\/ens2-caba.infd.edu.ar\/sitio\/wp-json\/wp\/v2\/pages"}],"about":[{"href":"https:\/\/ens2-caba.infd.edu.ar\/sitio\/wp-json\/wp\/v2\/types\/page"}],"author":[{"embeddable":true,"href":"https:\/\/ens2-caba.infd.edu.ar\/sitio\/wp-json\/wp\/v2\/users\/1088"}],"replies":[{"embeddable":true,"href":"https:\/\/ens2-caba.infd.edu.ar\/sitio\/wp-json\/wp\/v2\/comments?post=992"}],"version-history":[{"count":27,"href":"https:\/\/ens2-caba.infd.edu.ar\/sitio\/wp-json\/wp\/v2\/pages\/992\/revisions"}],"predecessor-version":[{"id":3595,"href":"https:\/\/ens2-caba.infd.edu.ar\/sitio\/wp-json\/wp\/v2\/pages\/992\/revisions\/3595"}],"wp:attachment":[{"href":"https:\/\/ens2-caba.infd.edu.ar\/sitio\/wp-json\/wp\/v2\/media?parent=992"}],"curies":[{"name":"wp","href":"https:\/\/api.w.org\/{rel}","templated":true}]}}