{"id":3021,"date":"2021-06-14T17:33:46","date_gmt":"2021-06-14T20:33:46","guid":{"rendered":"https:\/\/ens2-caba.infd.edu.ar\/sitio\/?page_id=3021"},"modified":"2025-02-12T15:41:10","modified_gmt":"2025-02-12T18:41:10","slug":"informacion-profesorado-de-educacion-primaria","status":"publish","type":"page","link":"https:\/\/ens2-caba.infd.edu.ar\/sitio\/secciones\/informacion-profesorado-de-educacion-primaria\/","title":{"rendered":"PROFESORADO DE EDUCACI\u00d3N PRIMARIA"},"content":{"rendered":"\n<p><\/p>\n\n\n\n<figure class=\"wp-block-gallery has-nested-images columns-default is-cropped wp-block-gallery-1 is-layout-flex\">\n<figure class=\"wp-block-image size-full\"><img decoding=\"async\" loading=\"lazy\" width=\"4320\" height=\"2432\" data-id=\"1441\"  src=\"https:\/\/ens2-caba.infd.edu.ar\/sitio\/wp-content\/uploads\/2019\/03\/Escuela_Mariano_Acosta_01.jpg\" alt=\"\" class=\"wp-image-1441\" srcset=\"https:\/\/ens2-caba.infd.edu.ar\/sitio\/wp-content\/uploads\/2019\/03\/Escuela_Mariano_Acosta_01.jpg 4320w, https:\/\/ens2-caba.infd.edu.ar\/sitio\/wp-content\/uploads\/2019\/03\/Escuela_Mariano_Acosta_01-1000x563.jpg 1000w, https:\/\/ens2-caba.infd.edu.ar\/sitio\/wp-content\/uploads\/2019\/03\/Escuela_Mariano_Acosta_01-768x432.jpg 768w, https:\/\/ens2-caba.infd.edu.ar\/sitio\/wp-content\/uploads\/2019\/03\/Escuela_Mariano_Acosta_01-1900x1070.jpg 1900w\" sizes=\"(max-width: 4320px) 100vw, 4320px\" \/><\/figure>\n<\/figure>\n\n\n\n<p class=\"has-large-font-size\"><a href=\"https:\/\/ens2-caba.infd.edu.ar\/sitio\/nuestro-profesorado-de-educacion-primaria\/\" data-type=\"URL\" data-id=\"https:\/\/ens2-caba.infd.edu.ar\/sitio\/nuestro-profesorado-de-educacion-primaria\/\" target=\"_blank\" rel=\"noreferrer noopener\">Nuestro Profesorado de Educaci\u00f3n Primaria<\/a><\/p>\n\n\n\n<p class=\"has-large-font-size\"><a href=\"https:\/\/ens2-caba.infd.edu.ar\/sitio\/ingreso-profesorado-de-educacion-primaria-ens-2-mariano-acosta\/?preview=true\" data-type=\"URL\" data-id=\"https:\/\/ens2-caba.infd.edu.ar\/sitio\/ingreso-profesorado-de-educacion-primaria-ens-2-mariano-acosta\/?preview=true\" target=\"_blank\" rel=\"noreferrer noopener\">Inscripci\u00f3n para ingresantes a la carrera<\/a><\/p>\n\n\n\n<p class=\"has-accent-color has-text-color has-large-font-size\"><a href=\"https:\/\/ens2-caba.infd.edu.ar\/sitio\/inscripcion-a-materias-y-talleres\/\" data-type=\"URL\" data-id=\"https:\/\/ens2-caba.infd.edu.ar\/sitio\/inscripcion-a-materias-y-talleres\/\" target=\"_blank\" rel=\"noreferrer noopener\">Inscripci\u00f3n a Materias y Talleres <\/a><\/p>\n\n\n\n<p class=\"has-text-color has-large-font-size\" style=\"color:#06105d\"><a rel=\"noreferrer noopener\" href=\"https:\/\/ens2-caba.infd.edu.ar\/sitio\/plan-de-estudio-profesorado-de-educacion-primaria\/\" data-type=\"URL\" data-id=\"https:\/\/ens2-caba.infd.edu.ar\/sitio\/plan-de-estudio-profesorado-de-educacion-primaria\/\" target=\"_blank\">I<\/a><a rel=\"noreferrer noopener\" href=\"https:\/\/ens2-caba.infd.edu.ar\/sitio\/plan-de-estudio-profesorado-de-educacion-primaria\/\" data-type=\"URL\" data-id=\"https:\/\/ens2-caba.infd.edu.ar\/sitio\/plan-de-estudio-profesorado-de-educacion-primaria\/\" target=\"_blank\">n<\/a><a rel=\"noreferrer noopener\" href=\"https:\/\/ens2-caba.infd.edu.ar\/sitio\/plan-de-estudio-profesorado-de-educacion-primaria\/\" data-type=\"URL\" data-id=\"https:\/\/ens2-caba.infd.edu.ar\/sitio\/plan-de-estudio-profesorado-de-educacion-primaria\/\" target=\"_blank\">f<\/a><a rel=\"noreferrer noopener\" href=\"https:\/\/ens2-caba.infd.edu.ar\/sitio\/plan-de-estudio-profesorado-de-educacion-primaria\/\" data-type=\"URL\" data-id=\"https:\/\/ens2-caba.infd.edu.ar\/sitio\/plan-de-estudio-profesorado-de-educacion-primaria\/\" target=\"_blank\">o<\/a><a rel=\"noreferrer noopener\" href=\"https:\/\/ens2-caba.infd.edu.ar\/sitio\/plan-de-estudio-profesorado-de-educacion-primaria\/\" data-type=\"URL\" data-id=\"https:\/\/ens2-caba.infd.edu.ar\/sitio\/plan-de-estudio-profesorado-de-educacion-primaria\/\" target=\"_blank\">r<\/a><a rel=\"noreferrer noopener\" href=\"https:\/\/ens2-caba.infd.edu.ar\/sitio\/plan-de-estudio-profesorado-de-educacion-primaria\/\" data-type=\"URL\" data-id=\"https:\/\/ens2-caba.infd.edu.ar\/sitio\/plan-de-estudio-profesorado-de-educacion-primaria\/\" target=\"_blank\">m<\/a><a rel=\"noreferrer noopener\" href=\"https:\/\/ens2-caba.infd.edu.ar\/sitio\/plan-de-estudio-profesorado-de-educacion-primaria\/\" data-type=\"URL\" data-id=\"https:\/\/ens2-caba.infd.edu.ar\/sitio\/plan-de-estudio-profesorado-de-educacion-primaria\/\" target=\"_blank\">a<\/a><a rel=\"noreferrer noopener\" href=\"https:\/\/ens2-caba.infd.edu.ar\/sitio\/plan-de-estudio-profesorado-de-educacion-primaria\/\" data-type=\"URL\" data-id=\"https:\/\/ens2-caba.infd.edu.ar\/sitio\/plan-de-estudio-profesorado-de-educacion-primaria\/\" target=\"_blank\">c<\/a><a rel=\"noreferrer noopener\" href=\"https:\/\/ens2-caba.infd.edu.ar\/sitio\/plan-de-estudio-profesorado-de-educacion-primaria\/\" data-type=\"URL\" data-id=\"https:\/\/ens2-caba.infd.edu.ar\/sitio\/plan-de-estudio-profesorado-de-educacion-primaria\/\" target=\"_blank\">i<\/a><a rel=\"noreferrer noopener\" href=\"https:\/\/ens2-caba.infd.edu.ar\/sitio\/plan-de-estudio-profesorado-de-educacion-primaria\/\" data-type=\"URL\" data-id=\"https:\/\/ens2-caba.infd.edu.ar\/sitio\/plan-de-estudio-profesorado-de-educacion-primaria\/\" target=\"_blank\">\u00f3<\/a><a rel=\"noreferrer noopener\" href=\"https:\/\/ens2-caba.infd.edu.ar\/sitio\/plan-de-estudio-profesorado-de-educacion-primaria\/\" data-type=\"URL\" data-id=\"https:\/\/ens2-caba.infd.edu.ar\/sitio\/plan-de-estudio-profesorado-de-educacion-primaria\/\" target=\"_blank\">n<\/a><a rel=\"noreferrer noopener\" href=\"https:\/\/ens2-caba.infd.edu.ar\/sitio\/plan-de-estudio-profesorado-de-educacion-primaria\/\" data-type=\"URL\" data-id=\"https:\/\/ens2-caba.infd.edu.ar\/sitio\/plan-de-estudio-profesorado-de-educacion-primaria\/\" target=\"_blank\"> <\/a><a rel=\"noreferrer noopener\" href=\"https:\/\/ens2-caba.infd.edu.ar\/sitio\/plan-de-estudio-profesorado-de-educacion-primaria\/\" data-type=\"URL\" data-id=\"https:\/\/ens2-caba.infd.edu.ar\/sitio\/plan-de-estudio-profesorado-de-educacion-primaria\/\" target=\"_blank\">s<\/a><a rel=\"noreferrer noopener\" href=\"https:\/\/ens2-caba.infd.edu.ar\/sitio\/plan-de-estudio-profesorado-de-educacion-primaria\/\" data-type=\"URL\" data-id=\"https:\/\/ens2-caba.infd.edu.ar\/sitio\/plan-de-estudio-profesorado-de-educacion-primaria\/\" target=\"_blank\">o<\/a><a rel=\"noreferrer noopener\" href=\"https:\/\/ens2-caba.infd.edu.ar\/sitio\/plan-de-estudio-profesorado-de-educacion-primaria\/\" data-type=\"URL\" data-id=\"https:\/\/ens2-caba.infd.edu.ar\/sitio\/plan-de-estudio-profesorado-de-educacion-primaria\/\" target=\"_blank\">b<\/a><a rel=\"noreferrer noopener\" href=\"https:\/\/ens2-caba.infd.edu.ar\/sitio\/plan-de-estudio-profesorado-de-educacion-primaria\/\" data-type=\"URL\" data-id=\"https:\/\/ens2-caba.infd.edu.ar\/sitio\/plan-de-estudio-profesorado-de-educacion-primaria\/\" target=\"_blank\">r<\/a><a rel=\"noreferrer noopener\" href=\"https:\/\/ens2-caba.infd.edu.ar\/sitio\/plan-de-estudio-profesorado-de-educacion-primaria\/\" data-type=\"URL\" data-id=\"https:\/\/ens2-caba.infd.edu.ar\/sitio\/plan-de-estudio-profesorado-de-educacion-primaria\/\" target=\"_blank\">e<\/a><a rel=\"noreferrer noopener\" href=\"https:\/\/ens2-caba.infd.edu.ar\/sitio\/plan-de-estudio-profesorado-de-educacion-primaria\/\" data-type=\"URL\" data-id=\"https:\/\/ens2-caba.infd.edu.ar\/sitio\/plan-de-estudio-profesorado-de-educacion-primaria\/\" target=\"_blank\"> <\/a><a rel=\"noreferrer noopener\" href=\"https:\/\/ens2-caba.infd.edu.ar\/sitio\/plan-de-estudio-profesorado-de-educacion-primaria\/\" data-type=\"URL\" data-id=\"https:\/\/ens2-caba.infd.edu.ar\/sitio\/plan-de-estudio-profesorado-de-educacion-primaria\/\" target=\"_blank\">l<\/a><a rel=\"noreferrer noopener\" href=\"https:\/\/ens2-caba.infd.edu.ar\/sitio\/plan-de-estudio-profesorado-de-educacion-primaria\/\" data-type=\"URL\" data-id=\"https:\/\/ens2-caba.infd.edu.ar\/sitio\/plan-de-estudio-profesorado-de-educacion-primaria\/\" target=\"_blank\">a<\/a><a rel=\"noreferrer noopener\" href=\"https:\/\/ens2-caba.infd.edu.ar\/sitio\/plan-de-estudio-profesorado-de-educacion-primaria\/\" data-type=\"URL\" data-id=\"https:\/\/ens2-caba.infd.edu.ar\/sitio\/plan-de-estudio-profesorado-de-educacion-primaria\/\" target=\"_blank\"> <\/a><a rel=\"noreferrer noopener\" href=\"https:\/\/ens2-caba.infd.edu.ar\/sitio\/plan-de-estudio-profesorado-de-educacion-primaria\/\" data-type=\"URL\" data-id=\"https:\/\/ens2-caba.infd.edu.ar\/sitio\/plan-de-estudio-profesorado-de-educacion-primaria\/\" target=\"_blank\">c<\/a><a rel=\"noreferrer noopener\" href=\"https:\/\/ens2-caba.infd.edu.ar\/sitio\/plan-de-estudio-profesorado-de-educacion-primaria\/\" data-type=\"URL\" data-id=\"https:\/\/ens2-caba.infd.edu.ar\/sitio\/plan-de-estudio-profesorado-de-educacion-primaria\/\" target=\"_blank\">a<\/a><a rel=\"noreferrer noopener\" href=\"https:\/\/ens2-caba.infd.edu.ar\/sitio\/plan-de-estudio-profesorado-de-educacion-primaria\/\" data-type=\"URL\" data-id=\"https:\/\/ens2-caba.infd.edu.ar\/sitio\/plan-de-estudio-profesorado-de-educacion-primaria\/\" target=\"_blank\">r<\/a><a rel=\"noreferrer noopener\" href=\"https:\/\/ens2-caba.infd.edu.ar\/sitio\/plan-de-estudio-profesorado-de-educacion-primaria\/\" data-type=\"URL\" data-id=\"https:\/\/ens2-caba.infd.edu.ar\/sitio\/plan-de-estudio-profesorado-de-educacion-primaria\/\" target=\"_blank\">r<\/a><a rel=\"noreferrer noopener\" href=\"https:\/\/ens2-caba.infd.edu.ar\/sitio\/plan-de-estudio-profesorado-de-educacion-primaria\/\" data-type=\"URL\" data-id=\"https:\/\/ens2-caba.infd.edu.ar\/sitio\/plan-de-estudio-profesorado-de-educacion-primaria\/\" target=\"_blank\">e<\/a><a rel=\"noreferrer noopener\" href=\"https:\/\/ens2-caba.infd.edu.ar\/sitio\/plan-de-estudio-profesorado-de-educacion-primaria\/\" data-type=\"URL\" data-id=\"https:\/\/ens2-caba.infd.edu.ar\/sitio\/plan-de-estudio-profesorado-de-educacion-primaria\/\" target=\"_blank\">r<\/a><a rel=\"noreferrer noopener\" href=\"https:\/\/ens2-caba.infd.edu.ar\/sitio\/plan-de-estudio-profesorado-de-educacion-primaria\/\" data-type=\"URL\" data-id=\"https:\/\/ens2-caba.infd.edu.ar\/sitio\/plan-de-estudio-profesorado-de-educacion-primaria\/\" target=\"_blank\">a<\/a><\/p>\n\n\n\n<p class=\"has-large-font-size\"><a href=\"https:\/\/ens2-caba.infd.edu.ar\/sitio\/calendario-academico-pep\/\" data-type=\"URL\" data-id=\"https:\/\/ens2-caba.infd.edu.ar\/sitio\/calendario-academico-pep\/\" target=\"_blank\" rel=\"noreferrer noopener\">Calendario Acad\u00e9mico Profesorado Educaci\u00f3n Primaria<\/a><\/p>\n\n\n\n<p class=\"has-large-font-size\"><a href=\"https:\/\/ens2-caba.infd.edu.ar\/sitio\/mesas-de-finales\/\" data-type=\"URL\" data-id=\"https:\/\/ens2-caba.infd.edu.ar\/sitio\/mesas-de-finales\/\" target=\"_blank\" rel=\"noreferrer noopener\">Mesas de ex\u00e1menes <\/a><\/p>\n\n\n\n<p class=\"has-large-font-size\"><a href=\"https:\/\/ens2-caba.infd.edu.ar\/sitio\/bedelia\/\" data-type=\"URL\" data-id=\"https:\/\/ens2-caba.infd.edu.ar\/sitio\/bedelia\/\" target=\"_blank\" rel=\"noreferrer noopener\">Bedel\u00eda<\/a><\/p>\n\n\n\n<p class=\"has-large-font-size\"><a href=\"https:\/\/ens2-caba.infd.edu.ar\/sitio\/formularios-y-tramites\/\" data-type=\"URL\" data-id=\"https:\/\/ens2-caba.infd.edu.ar\/sitio\/formularios-y-tramites\/\" target=\"_blank\" rel=\"noreferrer noopener\">Formulario y tr\u00e1mites<\/a><\/p>\n","protected":false},"excerpt":{"rendered":"<p>Nuestro Profesorado de Educaci\u00f3n Primaria Inscripci\u00f3n para ingresantes a la carrera Inscripci\u00f3n a Materias y Talleres Informaci\u00f3n sobre la carrera Calendario Acad\u00e9mico Profesorado Educaci\u00f3n Primaria Mesas de ex\u00e1menes Bedel\u00eda Formulario y tr\u00e1mites<\/p>\n","protected":false},"author":1250,"featured_media":0,"parent":2593,"menu_order":0,"comment_status":"closed","ping_status":"closed","template":"","meta":[],"acf":[],"_links":{"self":[{"href":"https:\/\/ens2-caba.infd.edu.ar\/sitio\/wp-json\/wp\/v2\/pages\/3021"}],"collection":[{"href":"https:\/\/ens2-caba.infd.edu.ar\/sitio\/wp-json\/wp\/v2\/pages"}],"about":[{"href":"https:\/\/ens2-caba.infd.edu.ar\/sitio\/wp-json\/wp\/v2\/types\/page"}],"author":[{"embeddable":true,"href":"https:\/\/ens2-caba.infd.edu.ar\/sitio\/wp-json\/wp\/v2\/users\/1250"}],"replies":[{"embeddable":true,"href":"https:\/\/ens2-caba.infd.edu.ar\/sitio\/wp-json\/wp\/v2\/comments?post=3021"}],"version-history":[{"count":43,"href":"https:\/\/ens2-caba.infd.edu.ar\/sitio\/wp-json\/wp\/v2\/pages\/3021\/revisions"}],"predecessor-version":[{"id":3743,"href":"https:\/\/ens2-caba.infd.edu.ar\/sitio\/wp-json\/wp\/v2\/pages\/3021\/revisions\/3743"}],"up":[{"embeddable":true,"href":"https:\/\/ens2-caba.infd.edu.ar\/sitio\/wp-json\/wp\/v2\/pages\/2593"}],"wp:attachment":[{"href":"https:\/\/ens2-caba.infd.edu.ar\/sitio\/wp-json\/wp\/v2\/media?parent=3021"}],"curies":[{"name":"wp","href":"https:\/\/api.w.org\/{rel}","templated":true}]}}