{"id":286,"date":"2016-10-31T13:17:59","date_gmt":"2016-10-31T16:17:59","guid":{"rendered":"https:\/\/ens2-caba.infd.edu.ar\/sitio\/?page_id=286"},"modified":"2020-07-04T01:30:57","modified_gmt":"2020-07-04T04:30:57","slug":"inicio","status":"publish","type":"page","link":"https:\/\/ens2-caba.infd.edu.ar\/sitio\/","title":{"rendered":"Inicio"},"content":{"rendered":"<div id=\"metaslider-id-1324\" style=\"max-width: 700px; margin: 0 auto;\" class=\"ml-slider-3-33-0 metaslider metaslider-flex metaslider-1324 ml-slider ms-theme-default\" role=\"region\" aria-roledescription=\"Slideshow\" aria-label=\"Slideshow\">\n    <div id=\"metaslider_container_1324\">\n        <div id=\"metaslider_1324\" class=\"flexslider\">\n            <ul aria-live=\"polite\" class=\"slides\">\n                <li style=\"display: block; width: 100%;\" class=\"slide-1356 ms-image\" aria-roledescription=\"slide\" aria-label=\"slide-1356\"><a href=\"https:\/\/ens2-caba.infd.edu.ar\/sitio\/datos-institucionales\/\" target=\"_blank\"><img src=\"https:\/\/ens2-caba.infd.edu.ar\/sitio\/wp-content\/uploads\/2019\/03\/1-1-535x306.jpg\" height=\"400\" width=\"700\" alt=\"\" class=\"slider-1324 slide-1356\" \/><\/a><div class=\"caption-wrap\"><div class=\"caption\">LA ESCUELA <\/div><\/div><\/li>\n                <li style=\"display: none; width: 100%;\" class=\"slide-1360 ms-image\" aria-roledescription=\"slide\" aria-label=\"slide-1360\"><a href=\"https:\/\/ens2-caba.infd.edu.ar\/sitio\/historia\/\" target=\"_blank\"><img src=\"https:\/\/ens2-caba.infd.edu.ar\/sitio\/wp-content\/uploads\/2019\/03\/foto2-700x400.jpg\" height=\"400\" width=\"700\" alt=\"\" class=\"slider-1324 slide-1360\" \/><\/a><div class=\"caption-wrap\"><div class=\"caption\">HISTORIA<\/div><\/div><\/li>\n                <li style=\"display: none; width: 100%;\" class=\"slide-1442 ms-image\" aria-roledescription=\"slide\" aria-label=\"slide-1442\"><a href=\"https:\/\/ens2-caba.infd.edu.ar\/sitio\/autoridades\/\" target=\"_blank\"><img src=\"https:\/\/ens2-caba.infd.edu.ar\/sitio\/wp-content\/uploads\/2019\/03\/Escuela_Mariano_Acosta_01-700x400.jpg\" height=\"400\" width=\"700\" alt=\"\" class=\"slider-1324 slide-1442\" \/><\/a><div class=\"caption-wrap\"><div class=\"caption\">AUTORIDADES<\/div><\/div><\/li>\n                <li style=\"display: none; width: 100%;\" class=\"slide-1440 ms-image\" aria-roledescription=\"slide\" aria-label=\"slide-1440\"><a href=\"https:\/\/ens2-caba.infd.edu.ar\/sitio\/ubicacion\/\" target=\"_blank\"><img src=\"https:\/\/ens2-caba.infd.edu.ar\/sitio\/wp-content\/uploads\/2019\/03\/Df1wlBOWkAIs95B-700x400.jpg\" height=\"400\" width=\"700\" alt=\"\" class=\"slider-1324 slide-1440\" \/><\/a><div class=\"caption-wrap\"><div class=\"caption\">UBICACI\u00d3N<\/div><\/div><\/li>\n            <\/ul>\n        <\/div>\n        \n    <\/div>\n<\/div>\n<div  class=\"lgc-column lgc-grid-parent lgc-grid-25 lgc-tablet-grid-50 lgc-mobile-grid-100 lgc-equal-heights \"><div  class=\"inside-grid-column\">\n<p><figure id=\"attachment_1393\" aria-describedby=\"caption-attachment-1393\" style=\"width: 390px\" class=\"wp-caption alignnone\"><a href=\"https:\/\/ens2-caba.infd.edu.ar\/sitio\/nivel-inicial\/\" target=\"_blank\" rel=\"noopener\"><img decoding=\"async\" loading=\"lazy\" class=\"wp-image-1393\" src=\"https:\/\/ens2-caba.infd.edu.ar\/sitio\/wp-content\/uploads\/2019\/03\/23390254-aula-en-un-jard-n-de-infantes-con-sillitas-para-los-ni-os-Foto-de-archivo-6h9ac1f6e1klar9p8f3196ioxvdfdiv97bwksnj1mfk.jpg\" alt=\"\" width=\"400\" height=\"283\" \/><\/a><figcaption id=\"caption-attachment-1393\" class=\"wp-caption-text\"><strong>NIVEL INICIAL<\/strong><\/figcaption><\/figure><\/p>\n<p><\/p><\/div><\/div>\n<div  class=\"lgc-column lgc-grid-parent lgc-grid-25 lgc-tablet-grid-50 lgc-mobile-grid-100 lgc-equal-heights \"><div  class=\"inside-grid-column\">\n<p><figure id=\"attachment_1411\" aria-describedby=\"caption-attachment-1411\" style=\"width: 390px\" class=\"wp-caption alignnone\"><a href=\"https:\/\/edmodoacosta.wixsite.com\/escuela\" target=\"_blank\" rel=\"noopener\"><img decoding=\"async\" loading=\"lazy\" class=\"wp-image-1411 size-full\" src=\"https:\/\/ens2-caba.infd.edu.ar\/sitio\/wp-content\/uploads\/2019\/03\/6.jpg\" alt=\"\" width=\"400\" height=\"283\" \/><\/a><figcaption id=\"caption-attachment-1411\" class=\"wp-caption-text\"><strong>NIVEL PRIMARIO<\/strong><\/figcaption><\/figure><\/p>\n<p><\/p><\/div><\/div>\n<div  class=\"lgc-column lgc-grid-parent lgc-grid-25 lgc-tablet-grid-50 lgc-mobile-grid-100 lgc-equal-heights \"><div  class=\"inside-grid-column\">\n<p><figure id=\"attachment_1436\" aria-describedby=\"caption-attachment-1436\" style=\"width: 390px\" class=\"wp-caption alignnone\"><a href=\"https:\/\/ens2-caba.infd.edu.ar\/sitio\/nivel-medio\/\" target=\"_blank\" rel=\"noopener\"><img decoding=\"async\" loading=\"lazy\" class=\"wp-image-1436 size-full\" src=\"https:\/\/ens2-caba.infd.edu.ar\/sitio\/wp-content\/uploads\/2019\/03\/hqdefault.jpg\" alt=\"\" width=\"400\" height=\"284\" \/><\/a><figcaption id=\"caption-attachment-1436\" class=\"wp-caption-text\"><strong>NIVEL MEDIO<\/strong><\/figcaption><\/figure><\/p>\n<p><\/p><\/div><\/div>\n<div  class=\"lgc-column lgc-grid-parent lgc-grid-25 lgc-tablet-grid-50 lgc-mobile-grid-100 lgc-equal-heights \"><div  class=\"inside-grid-column\">\n<p><figure id=\"attachment_1433\" aria-describedby=\"caption-attachment-1433\" style=\"width: 390px\" class=\"wp-caption alignnone\"><a href=\"https:\/\/ens2-caba.infd.edu.ar\/sitio\/nivel-terciario\/\" target=\"_blank\" rel=\"noopener\"><img decoding=\"async\" loading=\"lazy\" class=\"wp-image-1433 size-full\" title=\"https:\/\/ens2-caba.infd.edu.ar\/sitio\/?page_id=1110&amp;preview=true\" src=\"https:\/\/ens2-caba.infd.edu.ar\/sitio\/wp-content\/uploads\/2019\/03\/8-1.jpg\" alt=\"\" width=\"400\" height=\"284\" \/><\/a><figcaption id=\"caption-attachment-1433\" class=\"wp-caption-text\"><strong>NIVEL TERCIARIO<\/strong><\/figcaption><\/figure><\/p>\n<p><\/p><\/div><\/div>\n<div  class=\"lgc-column lgc-grid-parent lgc-grid-33 lgc-tablet-grid-50 lgc-mobile-grid-100 lgc-equal-heights \"><div  class=\"inside-grid-column\">\n<p><figure id=\"attachment_1572\" aria-describedby=\"caption-attachment-1572\" style=\"width: 190px\" class=\"wp-caption aligncenter\"><a href=\"https:\/\/www.facebook.com\/espaciosdememoria\/\" target=\"_blank\" rel=\"noopener\"><img decoding=\"async\" loading=\"lazy\" class=\"wp-image-1572\" src=\"https:\/\/ens2-caba.infd.edu.ar\/sitio\/wp-content\/uploads\/2019\/03\/35741077_1727870963934282_830683336887238656_n.jpg\" alt=\"\" width=\"200\" height=\"203\" \/><\/a><figcaption id=\"caption-attachment-1572\" class=\"wp-caption-text\">ESPACIOS DE MEMORIA<\/figcaption><\/figure><\/p>\n<p><\/p><\/div><\/div>\n<div  class=\"lgc-column lgc-grid-parent lgc-grid-33 lgc-tablet-grid-50 lgc-mobile-grid-100 lgc-equal-heights \"><div  class=\"inside-grid-column\">\n<p><figure id=\"attachment_1596\" aria-describedby=\"caption-attachment-1596\" style=\"width: 257px\" class=\"wp-caption aligncenter\"><a href=\"https:\/\/ens2-caba.infd.edu.ar\/aula\/escritorio.cgi\" target=\"_blank\" rel=\"noopener\"><img decoding=\"async\" loading=\"lazy\" class=\"wp-image-1596\" src=\"https:\/\/ens2-caba.infd.edu.ar\/sitio\/wp-content\/uploads\/2019\/03\/Aula-virtual-1000x750.jpg\" alt=\"\" width=\"267\" height=\"200\" srcset=\"https:\/\/ens2-caba.infd.edu.ar\/sitio\/wp-content\/uploads\/2019\/03\/Aula-virtual-1000x750.jpg 1000w, https:\/\/ens2-caba.infd.edu.ar\/sitio\/wp-content\/uploads\/2019\/03\/Aula-virtual-768x576.jpg 768w, https:\/\/ens2-caba.infd.edu.ar\/sitio\/wp-content\/uploads\/2019\/03\/Aula-virtual.jpg 1024w\" sizes=\"(max-width: 267px) 100vw, 267px\" \/><\/a><figcaption id=\"caption-attachment-1596\" class=\"wp-caption-text\">AULA VIRTUAL<\/figcaption><\/figure><\/p>\n<p><\/p><\/div><\/div>\n<div  class=\"lgc-column lgc-grid-parent lgc-grid-33 lgc-tablet-grid-50 lgc-mobile-grid-100 lgc-equal-heights \"><div  class=\"inside-grid-column\">\n<p><figure id=\"attachment_1573\" aria-describedby=\"caption-attachment-1573\" style=\"width: 190px\" class=\"wp-caption aligncenter\"><a href=\"https:\/\/www.facebook.com\/AsocCoopMarianoAcostaOficial\/\" target=\"_blank\" rel=\"noopener\"><img decoding=\"async\" loading=\"lazy\" class=\"wp-image-1573\" src=\"https:\/\/ens2-caba.infd.edu.ar\/sitio\/wp-content\/uploads\/2019\/03\/descarga.jpg\" alt=\"\" width=\"200\" height=\"200\" \/><\/a><figcaption id=\"caption-attachment-1573\" class=\"wp-caption-text\">ASOCIACI\u00d3N COOPERADORA<\/figcaption><\/figure><\/p>\n<p><\/p><\/div><\/div>\n<p><a href=\"https:\/\/www.facebook.com\/profile.php?id=100008194742426\" target=\"_blank\" rel=\"noopener\"><img decoding=\"async\" loading=\"lazy\" class=\"aligncenter wp-image-1632 size-full\" src=\"https:\/\/ens2-caba.infd.edu.ar\/sitio\/wp-content\/uploads\/2019\/03\/facebook.jpg\" alt=\"\" width=\"268\" height=\"91\" \/><\/a><\/p>\n<style>.wp-show-posts-columns#wpsp-383 {margin-left: -2em; }.wp-show-posts-columns#wpsp-383 .wp-show-posts-inner {margin: 0 0 2em 2em; }<\/style><section id=\"wpsp-383\" class=\" wp-show-posts-columns wp-show-posts\" style=\"\"><article class=\" wp-show-posts-single post-3658 post type-post status-publish format-standard hentry category-inscripcion-materias-pep category-nivel-terciario category-profesorado-de-educacion-primaria tag-calendario-academico tag-ingresantes tag-inscripcion tag-pep tag-profesorado-de-primaria-ens-2 tag-terciario wpsp-col-4\" itemtype=\"http:\/\/schema.org\/CreativeWork\" itemscope><div class=\"wp-show-posts-inner\" style=\"\">\t\t\t\t\t\t<header class=\"wp-show-posts-entry-header\">\n\t\t\t\t\t\t\t<h2 class=\"wp-show-posts-entry-title\" itemprop=\"headline\"><a href=\"https:\/\/ens2-caba.infd.edu.ar\/sitio\/calendario-academico-pep\/\" rel=\"bookmark\">CALENDARIO ACAD\u00c9MICO 2026<\/a><\/h2>\t\t\t\t\t\t<\/header><!-- .entry-header -->\n\t\t\t\t\t\t\t\t\t\t\t<div class=\"wp-show-posts-entry-summary\" itemprop=\"text\">\n\t\t\t\t\t\t\t<p>Consultas: bedeliapep.ens2@bue.edu.ar * Mesas de finales FEBRERO\/MARZO 2026 La info sobre inscripci\u00f3n y fechas de las mesas ser\u00e1 publicada aqu\u00ed: LINK &#8211; Mesas de Finales * Curso Introductorio Obligatorio para&#8230;<\/p>\n\t\t\t\t\t\t<\/div><!-- .entry-summary -->\n\t\t\t\t\t<\/div><!-- wp-show-posts-inner --><\/article><article class=\" wp-show-posts-single post-3649 post type-post status-publish format-standard hentry category-nivel-terciario category-profesorado-de-educacion-primaria tag-profesorado-de-primaria-ens-2 wpsp-col-4\" itemtype=\"http:\/\/schema.org\/CreativeWork\" itemscope><div class=\"wp-show-posts-inner\" style=\"\">\t\t\t\t\t\t<header class=\"wp-show-posts-entry-header\">\n\t\t\t\t\t\t\t<h2 class=\"wp-show-posts-entry-title\" itemprop=\"headline\"><a href=\"https:\/\/ens2-caba.infd.edu.ar\/sitio\/nuestro-profesorado-de-educacion-primaria\/\" rel=\"bookmark\">Nuestro Profesorado de Educaci\u00f3n Primaria<\/a><\/h2>\t\t\t\t\t\t<\/header><!-- .entry-header -->\n\t\t\t\t\t\t\t\t\t\t\t<div class=\"wp-show-posts-entry-summary\" itemprop=\"text\">\n\t\t\t\t\t\t\t<p>Nuestro Profesorado de Educaci\u00f3n Primaria se ubica en el barrio de Balvanera, en la calle Urquiza 277, y desde hace 150&nbsp;a\u00f1os formamos maestros y maestras que trabajan en Escuelas de&#8230;<\/p>\n\t\t\t\t\t\t<\/div><!-- .entry-summary -->\n\t\t\t\t\t<\/div><!-- wp-show-posts-inner --><\/article><article class=\" wp-show-posts-single post-3643 post type-post status-publish format-standard hentry category-nivel-terciario category-sin-categoria wpsp-col-4\" itemtype=\"http:\/\/schema.org\/CreativeWork\" itemscope><div class=\"wp-show-posts-inner\" style=\"\">\t\t\t\t\t\t<header class=\"wp-show-posts-entry-header\">\n\t\t\t\t\t\t\t<h2 class=\"wp-show-posts-entry-title\" itemprop=\"headline\"><a href=\"https:\/\/ens2-caba.infd.edu.ar\/sitio\/ingreso-profesorado-de-educacion-primaria-ens-2-mariano-acosta\/\" rel=\"bookmark\">Ingreso Profesorado de Educaci\u00f3n Primaria  &#8211; ENS 2 \u201cMariano Acosta\u201d<\/a><\/h2>\t\t\t\t\t\t<\/header><!-- .entry-header -->\n\t\t\t\t\t\t\t\t\t\t\t<div class=\"wp-show-posts-entry-summary\" itemprop=\"text\">\n\t\t\t\t\t\t\t<p>Primer cuatrimestre 2026 \u00a1Tenemos vacantes disponibles! Turno ma\u00f1ana, tarde y vespertino Inscripci\u00f3n a la carrera: 1\u00b0 etapa:&nbsp; &nbsp; &nbsp; Desde el 6 de octubre de 2025 Debes ingresar al SIU-Guaran\u00ed&#8230;<\/p>\n\t\t\t\t\t\t<\/div><!-- .entry-summary -->\n\t\t\t\t\t<\/div><!-- wp-show-posts-inner --><\/article><div class=\"wpsp-clear\"><\/div><\/section><!-- .wp-show-posts -->\n","protected":false},"excerpt":{"rendered":"","protected":false},"author":1,"featured_media":0,"parent":0,"menu_order":0,"comment_status":"closed","ping_status":"closed","template":"","meta":[],"acf":[],"_links":{"self":[{"href":"https:\/\/ens2-caba.infd.edu.ar\/sitio\/wp-json\/wp\/v2\/pages\/286"}],"collection":[{"href":"https:\/\/ens2-caba.infd.edu.ar\/sitio\/wp-json\/wp\/v2\/pages"}],"about":[{"href":"https:\/\/ens2-caba.infd.edu.ar\/sitio\/wp-json\/wp\/v2\/types\/page"}],"author":[{"embeddable":true,"href":"https:\/\/ens2-caba.infd.edu.ar\/sitio\/wp-json\/wp\/v2\/users\/1"}],"replies":[{"embeddable":true,"href":"https:\/\/ens2-caba.infd.edu.ar\/sitio\/wp-json\/wp\/v2\/comments?post=286"}],"version-history":[{"count":115,"href":"https:\/\/ens2-caba.infd.edu.ar\/sitio\/wp-json\/wp\/v2\/pages\/286\/revisions"}],"predecessor-version":[{"id":2620,"href":"https:\/\/ens2-caba.infd.edu.ar\/sitio\/wp-json\/wp\/v2\/pages\/286\/revisions\/2620"}],"wp:attachment":[{"href":"https:\/\/ens2-caba.infd.edu.ar\/sitio\/wp-json\/wp\/v2\/media?parent=286"}],"curies":[{"name":"wp","href":"https:\/\/api.w.org\/{rel}","templated":true}]}}