{"id":2857,"date":"2020-12-13T08:10:06","date_gmt":"2020-12-13T11:10:06","guid":{"rendered":"https:\/\/ens2-caba.infd.edu.ar\/sitio\/?page_id=2857"},"modified":"2026-04-14T14:40:48","modified_gmt":"2026-04-14T17:40:48","slug":"matriculacion","status":"publish","type":"page","link":"https:\/\/ens2-caba.infd.edu.ar\/sitio\/matriculacion\/","title":{"rendered":"INGRESO 1\u00b0 A\u00d1O 2027 (Nivel Medio)"},"content":{"rendered":"<h3 style=\"padding-left: 30px;\"><em>Ingreso 1\u00b0 a\u00f1o ciclo lectivo 2027<\/em><\/h3>\n<p>\u00a0<\/p>\n<p><strong><a href=\"https:\/\/ens2-caba.infd.edu.ar\/sitio\/wp-content\/uploads\/2026\/04\/charlas-y-cursos-de-ingreso.pdf\">CHARLAS Y CURSOS DE INGRESO<\/a><\/strong><\/p>\n<p><a href=\"https:\/\/ens2-caba.infd.edu.ar\/sitio\/wp-content\/uploads\/2026\/04\/Programa-de-ingles-Admision-a-Primer-Ano-2027.pdf\" target=\"_blank\" rel=\"noopener\">PROGRAMA DE INGL\u00c9S ADMISI\u00d3N 1ER A\u00d1O 2027<\/a><\/p>\n<p><a href=\"https:\/\/ens2-caba.infd.edu.ar\/sitio\/wp-content\/uploads\/2026\/04\/Programa-de-frances-admision-a-primer-ano-2027.pdf\" target=\"_blank\" rel=\"noopener\">PROGRAMA DE FRANC\u00c9S ADMISI\u00d3N 1ER A\u00d1O 2027<\/a><\/p>\n<hr \/>\n<p><a href=\"https:\/\/ens2-caba.infd.edu.ar\/sitio\/wp-content\/uploads\/2022\/04\/Modelo-de-examen-ingles-de-ingreso-1.pdf\">Modelo 1 &#8211; Examen de ingreso ingl\u00e9s <\/a><\/p>\n<p><a href=\"https:\/\/ens2-caba.infd.edu.ar\/sitio\/wp-content\/uploads\/2022\/04\/Modelo-de-examen-ingles-de-ingreso-2.pdf\">Modelo 2 &#8211; Examen de ingreso ingl\u00e9s<\/a><\/p>\n<p><a href=\"https:\/\/ens2-caba.infd.edu.ar\/sitio\/wp-content\/uploads\/2024\/08\/Examen-de-INGRESO-frances-1.pdf\">Modelo 1 &#8211; Examen de ingreso franc\u00e9s<\/a><\/p>\n<p><a href=\"https:\/\/ens2-caba.infd.edu.ar\/sitio\/wp-content\/uploads\/2024\/08\/Examen-de-INGRESO-frances-2.pdf\">Modelo 2 &#8211; Examen de ingreso franc\u00e9s<\/a><\/p>\n\n\n<p><\/p>\n\n\n\n<p class=\"has-text-align-center\">Ingresos Nivel Medio: <strong>ingresosecundariaens2@gmail.com<\/strong><\/p>\n","protected":false},"excerpt":{"rendered":"<p>Ingreso 1\u00b0 a\u00f1o ciclo lectivo 2027 \u00a0 CHARLAS Y CURSOS DE INGRESO PROGRAMA DE INGL\u00c9S ADMISI\u00d3N 1ER A\u00d1O 2027 PROGRAMA DE FRANC\u00c9S ADMISI\u00d3N 1ER A\u00d1O 2027 Modelo 1 &#8211; Examen de ingreso ingl\u00e9s Modelo 2 &#8211; Examen de ingreso ingl\u00e9s Modelo 1 &#8211; Examen de ingreso franc\u00e9s Modelo 2 &#8211; Examen de ingreso franc\u00e9s Ingresos &#8230; <a title=\"INGRESO 1\u00b0 A\u00d1O 2027 (Nivel Medio)\" class=\"read-more\" href=\"https:\/\/ens2-caba.infd.edu.ar\/sitio\/matriculacion\/\" aria-label=\"More on INGRESO 1\u00b0 A\u00d1O 2027 (Nivel Medio)\">[+]<\/a><\/p>\n","protected":false},"author":1728,"featured_media":0,"parent":0,"menu_order":0,"comment_status":"closed","ping_status":"closed","template":"","meta":[],"acf":[],"_links":{"self":[{"href":"https:\/\/ens2-caba.infd.edu.ar\/sitio\/wp-json\/wp\/v2\/pages\/2857"}],"collection":[{"href":"https:\/\/ens2-caba.infd.edu.ar\/sitio\/wp-json\/wp\/v2\/pages"}],"about":[{"href":"https:\/\/ens2-caba.infd.edu.ar\/sitio\/wp-json\/wp\/v2\/types\/page"}],"author":[{"embeddable":true,"href":"https:\/\/ens2-caba.infd.edu.ar\/sitio\/wp-json\/wp\/v2\/users\/1728"}],"replies":[{"embeddable":true,"href":"https:\/\/ens2-caba.infd.edu.ar\/sitio\/wp-json\/wp\/v2\/comments?post=2857"}],"version-history":[{"count":93,"href":"https:\/\/ens2-caba.infd.edu.ar\/sitio\/wp-json\/wp\/v2\/pages\/2857\/revisions"}],"predecessor-version":[{"id":3933,"href":"https:\/\/ens2-caba.infd.edu.ar\/sitio\/wp-json\/wp\/v2\/pages\/2857\/revisions\/3933"}],"wp:attachment":[{"href":"https:\/\/ens2-caba.infd.edu.ar\/sitio\/wp-json\/wp\/v2\/media?parent=2857"}],"curies":[{"name":"wp","href":"https:\/\/api.w.org\/{rel}","templated":true}]}}