{"id":2844,"date":"2020-12-01T19:37:32","date_gmt":"2020-12-01T22:37:32","guid":{"rendered":"https:\/\/ens2-caba.infd.edu.ar\/sitio\/?page_id=2844"},"modified":"2021-11-12T15:33:10","modified_gmt":"2021-11-12T18:33:10","slug":"libres-completar-estudios","status":"publish","type":"page","link":"https:\/\/ens2-caba.infd.edu.ar\/sitio\/libres-completar-estudios\/","title":{"rendered":"EX\u00c1MENES PENDIENTES &#8211; INSCRIPICI\u00d3N DICIEMBRE 2021"},"content":{"rendered":"<h4>EX\u00c1MENES PENDIENTES &#8211; INSCRIPICI\u00d3N DICIEMBRE 2021<\/h4>\n<p><a href=\"https:\/\/ens2-caba.infd.edu.ar\/sitio\/wp-content\/uploads\/2021\/11\/EXAMENES-PENDIENTES.pdf\" target=\"_blank\" rel=\"noopener\">EX\u00c1MENES PENDIENTES DICIEMBRE 2021<\/a> \u00a0(Link de descarga)<\/p>\n<h5>\u00a0<\/h5>\n\n\n<p><\/p>\n","protected":false},"excerpt":{"rendered":"<p>EX\u00c1MENES PENDIENTES &#8211; INSCRIPICI\u00d3N DICIEMBRE 2021 EX\u00c1MENES PENDIENTES DICIEMBRE 2021 \u00a0(Link de descarga) \u00a0<\/p>\n","protected":false},"author":1728,"featured_media":0,"parent":0,"menu_order":0,"comment_status":"closed","ping_status":"closed","template":"","meta":[],"acf":[],"_links":{"self":[{"href":"https:\/\/ens2-caba.infd.edu.ar\/sitio\/wp-json\/wp\/v2\/pages\/2844"}],"collection":[{"href":"https:\/\/ens2-caba.infd.edu.ar\/sitio\/wp-json\/wp\/v2\/pages"}],"about":[{"href":"https:\/\/ens2-caba.infd.edu.ar\/sitio\/wp-json\/wp\/v2\/types\/page"}],"author":[{"embeddable":true,"href":"https:\/\/ens2-caba.infd.edu.ar\/sitio\/wp-json\/wp\/v2\/users\/1728"}],"replies":[{"embeddable":true,"href":"https:\/\/ens2-caba.infd.edu.ar\/sitio\/wp-json\/wp\/v2\/comments?post=2844"}],"version-history":[{"count":8,"href":"https:\/\/ens2-caba.infd.edu.ar\/sitio\/wp-json\/wp\/v2\/pages\/2844\/revisions"}],"predecessor-version":[{"id":3151,"href":"https:\/\/ens2-caba.infd.edu.ar\/sitio\/wp-json\/wp\/v2\/pages\/2844\/revisions\/3151"}],"wp:attachment":[{"href":"https:\/\/ens2-caba.infd.edu.ar\/sitio\/wp-json\/wp\/v2\/media?parent=2844"}],"curies":[{"name":"wp","href":"https:\/\/api.w.org\/{rel}","templated":true}]}}