{"id":2840,"date":"2020-11-20T12:04:42","date_gmt":"2020-11-20T15:04:42","guid":{"rendered":"https:\/\/ens2-caba.infd.edu.ar\/sitio\/?page_id=2840"},"modified":"2025-02-27T13:55:46","modified_gmt":"2025-02-27T16:55:46","slug":"plan-de-estudio-profesorado-de-educacion-primaria","status":"publish","type":"page","link":"https:\/\/ens2-caba.infd.edu.ar\/sitio\/plan-de-estudio-profesorado-de-educacion-primaria\/","title":{"rendered":"Profesorado de Educaci\u00f3n Primaria"},"content":{"rendered":"\n<p style=\"font-size:28px\"><strong>Profesorado de Educaci\u00f3n Primaria<\/strong><\/p>\n\n\n\n<p><strong>Lineamiento Pedag\u00f3gico General<\/strong><\/p>\n\n\n\n<p>La Escuela Normal Superior N\u00b02 en Lenguas Vivas Mariano Acosta es una instituci\u00f3n educativa de gesti\u00f3n p\u00fablica. Creada en 1874, cuenta con una prestigiosa trayectoria de casi 150 a\u00f1os en nuestro medio. Su actual oferta abarca los cuatro niveles del sistema educativo: Nivel Inicial, Nivel Primario, Nivel Secundario intensificado en idiomas y con 4 orientaciones y Nivel Terciario, que dicta carreras de formaci\u00f3n docente para la educaci\u00f3n primaria, tanto de grado como de posgrado.<\/p>\n\n\n\n<p>Si bien cada uno de ellos desarrollan sus proyectos educativos a partir de los lineamientos curriculares correspondientes, en su conjunto conforman una fuerte Unidad Acad\u00e9mica que caracteriza la din\u00e1mica institucional y formativa de la escuela, con una fluida articulaci\u00f3n entre proyectos, docentes, estudiantes y egresados\/as de los cuatro niveles.<\/p>\n\n\n\n<p>El Proyecto Escuela que nos distingue institucionalmente se traduce en una diversidad de actividades que buscan ofrecer a nuestras\/os estudiantes una s\u00f3lida formaci\u00f3n acad\u00e9mica, a la vez que una formaci\u00f3n integral que les permita desarrollarse como personas cr\u00edticas, solidarias, activas y part\u00edcipes de la transformaci\u00f3n de la sociedad, en un horizonte democr\u00e1tico. &nbsp;Otro aspecto de la fuerte identidad institucional que nos caracteriza es que conformamos una \u201cescuela de puertas abiertas\u201d, con una gran comunidad educativa comprometida con todos los proyectos que se desarrollan dentro y fuera de sus muros, gracias al trabajo mancomunado con las familias, la Cooperadora, los Centro de Estudiantes de la escuela secundaria (CESMA) y del profesorado (CEPMA) y la Asociaci\u00f3n de Ex Alumnos, entre otros.<\/p>\n\n\n\n<p><strong>Lineamiento Pedag\u00f3gico Especifico<\/strong><\/p>\n\n\n\n<p>El Nivel Terciario de nuestra Escuela se especializa en la formaci\u00f3n de docentes para las escuelas de Nivel Primario. El t\u00edtulo de grado que expide es Profesor\/a de Educaci\u00f3n Primaria, con alcance y validez nacional otorgado por el Ministerio de Educaci\u00f3n de la Naci\u00f3n.<\/p>\n\n\n\n<p>Su plan de estudios actual se inscribe en el marco de las disposiciones de la Ley de Educaci\u00f3n Nacional vigente en nuestro pa\u00eds, que equipara la carga horaria de las carreras de grado de todo el Nivel Superior (integrado por los Institutos Superiores de Formaci\u00f3n Docente, los Institutos Superiores de Formaci\u00f3n T\u00e9cnica y las Universidades), favoreciendo la articulaci\u00f3n entre las mismas.<\/p>\n\n\n\n<p>El \u00faltimo Plan Curricular Institucional de la carrera, aprobado en 2015, es de 4 a\u00f1os de duraci\u00f3n con un r\u00e9gimen de cursado cuatrimestral. (Resoluci\u00f3n N\u00b0 532\/SSGECP\/15)<\/p>\n\n\n\n<p>La escuela brinda la posibilidad de inscripci\u00f3n en sus tres turnos: ma\u00f1ana, tarde y vespertino, favoreciendo as\u00ed el acceso y la continuidad de los estudios a personas que trabajan.<\/p>\n\n\n\n<p>Las distintas instancias curriculares de la carrera proponen la formaci\u00f3n integral y actualizada de futuros docentes y se organizan a partir de tres campos de formaci\u00f3n fuertemente articulados:<\/p>\n\n\n\n<ul>\n<li>Una formaci\u00f3n General, centrada en la tarea docente, la escuela y la educaci\u00f3n en el contexto del mundo contempor\u00e1neo. Su prop\u00f3sito es desarrollar marcos conceptuales, interpretativos y valorativos para el an\u00e1lisis y comprensi\u00f3n del trabajo docente desde diversas perspectivas: hist\u00f3rica, filos\u00f3fica, art\u00edstico-expresiva, pol\u00edtica, social, pedag\u00f3gica, did\u00e1ctica y psicol\u00f3gica.<strong><\/strong><\/li>\n\n\n\n<li>Una formaci\u00f3n Espec\u00edfica centrada en el nivel primario, donde se despliegan conocimientos te\u00f3rico-pr\u00e1cticos vinculados a la educaci\u00f3n de ni\u00f1os y ni\u00f1as de este nivel. Los espacios curriculares que lo integran aportan un conjunto de conocimientos y recursos que permitan orientar las decisiones did\u00e1cticas del proceso educativo en diferentes aspectos: el dise\u00f1o y la puesta en marcha del plan de ense\u00f1anza, la selecci\u00f3n de los contenidos, el aprovechamiento de las actividades y de los desempe\u00f1os de los alumnos, los criterios y tipos de<br>evaluaci\u00f3n, el uso del tiempo y de los espacios, entre otras.<\/li>\n\n\n\n<li>Una formaci\u00f3n en las pr\u00e1cticas profesionales, desde el inicio de la carrera, que implica la gradual inserci\u00f3n de las y los estudiantes en las escuelas primarias con el prop\u00f3sito de que integren y adquieran las capacidades necesarias<br>para el desempe\u00f1o como docentes en las instituciones educativas y en las diferentes secciones. A trav\u00e9s de diversos dispositivos y propuestas espec\u00edficas, esa inserci\u00f3n gradual va desde la observaci\u00f3n y reflexi\u00f3n sobre el trabajo docente en su cotidiano, hasta la realizaci\u00f3n de las primeras pr\u00e1cticas docentes con el acompa\u00f1amiento de los y las docentes del profesorado.<\/li>\n<\/ul>\n\n\n\n<p>En este camino de la formaci\u00f3n de futuros docentes tomamos a las Pol\u00edticas de Infancia como uno de los ejes articuladores de los distintos espacios curriculares. Nuestro proyecto curricular se distingue por la profundizaci\u00f3n del abordaje de las Pol\u00edticas de Infancia en los Espacios de Definici\u00f3n Institucional del plan de estudio. El derecho a la educaci\u00f3n, la igualdad, la equidad, la marginalidad, el acceso, la permanencia, la deserci\u00f3n, la repetici\u00f3n, la retenci\u00f3n, la sobreedad, los contextos e implicancias de la pobreza, etc. son cuestiones que forman parte de la Escuela actual, y es necesario que las\/os futura\/os docentes puedan reflexionar sobre ellas.<\/p>\n\n\n\n<p>En esta misma l\u00ednea, el Post\u00edtulo de Pol\u00edticas de Infancia de nuestra Instituci\u00f3n, propuesta de postgrado dirigida a docentes en ejercicio, busca profundizar estos conocimientos y reflexiones tomando como punto de partida las pr\u00e1cticas diarias de nuestras escuelas.<\/p>\n\n\n\n<p><strong>Proyecto Escolar<\/strong><\/p>\n\n\n\n<p>Nuestro Nivel Terciario desarrolla distintos proyectos institucionales con la intenci\u00f3n de ampliar, fortalecer y enriquecer la formaci\u00f3n integral de nuestras\/os estudiantes. Dichos proyectos se vinculan en las distintas funciones asignadas a la formaci\u00f3n docente: la formaci\u00f3n docente inicial, la formaci\u00f3n docente continua, el apoyo pedag\u00f3gico a las escuelas y la investigaci\u00f3n educativa.<\/p>\n\n\n\n<p>Algunos de ellos son car\u00e1cter anual y se renuevan constantemente a partir de un diagn\u00f3stico de las necesidades e intereses que se presentan, mientras otros cuentan con un desarrollo continuado a lo largo de los a\u00f1os.&nbsp; De esta manera, a\u00f1o a los se presentan proyectos vinculados a la Ense\u00f1anza de las Ciencias Sociales, la ESI, las Ciencias Naturales e incluso el trabajo con medios audiovisuales y redes.<\/p>\n\n\n\n<p>Pero tambi\u00e9n tenemos proyectos que ya son parte de las actividades anuales y de nuestra identidad como escuela: el Proyecto Malim\u00e1n-Huaco (viaje de intercambio con Escuelas de la Provincia de San Juan sostenido durante m\u00e1s de 40 a\u00f1os) el Proyecto Espacio de Memoria,&nbsp; los viajes educativos&nbsp; al Tr\u00edptico de la Infancia (Rosario)<\/p>\n\n\n\n<p>Un espacio a destacar es el Museo de la Escuela, que junto al Archivo son los curadores de nuestra historia como escuela. Desde este proyecto la escuela participa activamente de en otros proyectos tales como la Noche de los Museos<\/p>\n\n\n\n<p>Asimismo, se organizan Conversatorios, Seminarios, Paneles con invitada\/os para el abordaje de diferentes tem\u00e1ticas y problem\u00e1ticas de actualidad e inter\u00e9s general, que son organizados conjuntamente con el Centro de Estudiantes del Profesorado.<\/p>\n\n\n\n<p class=\"has-text-align-center\" style=\"font-size:22px\"><strong>Para hacer la preinscripci\u00f3n ingres\u00e1 a:<\/strong><br><strong><a href=\"https:\/\/inscripciones.buenosaires.gob.ar\/\"><\/a><strong><a href=\"https:\/\/guarani-autogestionfdocente.bue.edu.ar\/preinscripcion\/caba\/\">https:\/\/guarani-autogestionfdocente.bue.edu.ar\/preinscripcion\/caba\/<\/a><br>O POD\u00c9S ACERCARTE A NUESTRA ESCUELA EN URQUIZA 277<\/strong><\/strong><\/p>\n\n\n<h4 style=\"padding-left: 30px;\">Plan de estudio Profesorado de Educaci\u00f3n Primaria\u00a0<\/h4>\n<h5 style=\"padding-left: 30px;\"><a href=\"https:\/\/ens2-caba.infd.edu.ar\/sitio\/wp-content\/uploads\/2025\/02\/Plan-532-2015.pdf\" target=\"_blank\" rel=\"noopener\">Profesorado de Educaci\u00f3n Primaria &#8211; Plan de Estudio (Link de descarga)<\/a><\/h5>\n<p>\u00a0<\/p>\n<p>\u00a0<\/p>","protected":false},"excerpt":{"rendered":"<p>Profesorado de Educaci\u00f3n Primaria Lineamiento Pedag\u00f3gico General La Escuela Normal Superior N\u00b02 en Lenguas Vivas Mariano Acosta es una instituci\u00f3n educativa de gesti\u00f3n p\u00fablica. Creada en 1874, cuenta con una prestigiosa trayectoria de casi 150 a\u00f1os en nuestro medio. Su actual oferta abarca los cuatro niveles del sistema educativo: Nivel Inicial, Nivel Primario, Nivel Secundario &#8230; <a title=\"Profesorado de Educaci\u00f3n Primaria\" class=\"read-more\" href=\"https:\/\/ens2-caba.infd.edu.ar\/sitio\/plan-de-estudio-profesorado-de-educacion-primaria\/\" aria-label=\"More on Profesorado de Educaci\u00f3n Primaria\">[+]<\/a><\/p>\n","protected":false},"author":1728,"featured_media":0,"parent":0,"menu_order":0,"comment_status":"closed","ping_status":"closed","template":"","meta":[],"acf":[],"_links":{"self":[{"href":"https:\/\/ens2-caba.infd.edu.ar\/sitio\/wp-json\/wp\/v2\/pages\/2840"}],"collection":[{"href":"https:\/\/ens2-caba.infd.edu.ar\/sitio\/wp-json\/wp\/v2\/pages"}],"about":[{"href":"https:\/\/ens2-caba.infd.edu.ar\/sitio\/wp-json\/wp\/v2\/types\/page"}],"author":[{"embeddable":true,"href":"https:\/\/ens2-caba.infd.edu.ar\/sitio\/wp-json\/wp\/v2\/users\/1728"}],"replies":[{"embeddable":true,"href":"https:\/\/ens2-caba.infd.edu.ar\/sitio\/wp-json\/wp\/v2\/comments?post=2840"}],"version-history":[{"count":5,"href":"https:\/\/ens2-caba.infd.edu.ar\/sitio\/wp-json\/wp\/v2\/pages\/2840\/revisions"}],"predecessor-version":[{"id":3769,"href":"https:\/\/ens2-caba.infd.edu.ar\/sitio\/wp-json\/wp\/v2\/pages\/2840\/revisions\/3769"}],"wp:attachment":[{"href":"https:\/\/ens2-caba.infd.edu.ar\/sitio\/wp-json\/wp\/v2\/media?parent=2840"}],"curies":[{"name":"wp","href":"https:\/\/api.w.org\/{rel}","templated":true}]}}