{"id":2762,"date":"2020-08-19T22:10:35","date_gmt":"2020-08-20T01:10:35","guid":{"rendered":"https:\/\/ens2-caba.infd.edu.ar\/sitio\/?page_id=2762"},"modified":"2026-02-27T13:40:55","modified_gmt":"2026-02-27T16:40:55","slug":"admision","status":"publish","type":"page","link":"https:\/\/ens2-caba.infd.edu.ar\/sitio\/admision\/","title":{"rendered":"Admisi\u00f3n 2\u00b0a 5\u00b0a\u00f1o externos"},"content":{"rendered":"<h4 style=\"text-align: center;\">EXAMEN DE ADMISI\u00d3N 2\u00b0 a 5\u00b0 A\u00d1O<\/h4>\n<h4 style=\"font-weight: 400; text-align: center;\"><strong>25 DE FEBRERO DEL 2026<\/strong><\/h4>\n<h5 style=\"font-weight: 400; text-align: center;\"><strong>Idioma franc\u00e9s 9.00 hs<br \/>Idioma ingl\u00e9s 14.00 hs<\/strong><\/h5>\n<p style=\"font-weight: 400; text-align: center;\"><strong>En el ENS N\u00b0 2 \u201cMariano Acosta\u201d Urquiza 277 \u2013 CABA<\/strong><\/p>\n<p style=\"font-weight: 400;\">Se encuentran inscriptos los\/as aspirantes que se anotaron previamente en la Secretar\u00eda del turno tarde.<\/p>\n<p style=\"font-weight: 400;\">Es indispensable presentar el documento original para acreditar la identidad.<\/p>\n<hr \/>\n<p style=\"text-align: center;\"><a href=\"https:\/\/ens2-caba.infd.edu.ar\/sitio\/wp-content\/uploads\/2026\/02\/INSTRUCTIVO-MATRICULACION-DE-2-A-5-ciclo-2026.docx\">INSTRUCTIVO MATRICULACI\u00d3N DE 2\u00b0 A 5\u00b0 ciclo 2026<\/a><\/p>\n<hr \/>\n<h4 style=\"padding-left: 30px; text-align: left;\">Admisi\u00f3n<\/h4>\n\n\n<p class=\"has-text-align-left\"><strong>Ingl\u00e9s<\/strong><\/p>\n\n\n\n<div class=\"wp-block-file\"><a id=\"wp-block-file--media-565558bd-9c7f-4f9c-ac10-a691748fe6b1\" href=\"https:\/\/ens2-caba.infd.edu.ar\/sitio\/wp-content\/uploads\/2026\/02\/PROGRAMA-ADMISION-INGLES-2DO-ANO-7HS-2026.pdf\">PROGRAMA ADMISI\u00d3N INGL\u00c9S 2DO A\u00d1O  2026<\/a><\/div>\n\n\n\n<div class=\"wp-block-file\"><a id=\"wp-block-file--media-56b00658-7047-4ac8-9cb1-556097be9e81\" href=\"https:\/\/ens2-caba.infd.edu.ar\/sitio\/wp-content\/uploads\/2026\/02\/PROGRAMA-ADMISION-INGLES-3ER-ANO-6HS-2026.pdf\">PROGRAMA ADMISI\u00d3N INGL\u00c9S 3ER A\u00d1O 2026<\/a><\/div>\n\n\n\n<div class=\"wp-block-file\"><a id=\"wp-block-file--media-3897752b-e103-43b0-8e8f-1a9ccbc18a9c\" href=\"https:\/\/ens2-caba.infd.edu.ar\/sitio\/wp-content\/uploads\/2026\/02\/PROGRAMA-ADMISION-INGLES-4TO-ANO-7HS-2026.pdf\">PROGRAMA ADMISI\u00d3N INGL\u00c9S 4TO A\u00d1O 2026<\/a><\/div>\n\n\n\n<div class=\"wp-block-file\"><a id=\"wp-block-file--media-cd642933-a007-4610-a3dd-3b389b3090ca\" href=\"https:\/\/ens2-caba.infd.edu.ar\/sitio\/wp-content\/uploads\/2026\/02\/PROGRAMA-ADMISION-INGLES-5TO-ANO-2026.pdf\">PROGRAMA ADMISI\u00d3N INGL\u00c9S 5TO A\u00d1O 2026<\/a><\/div>\n\n\n\n<p><\/p>\n\n\n\n<p><strong>Franc\u00e9s <\/strong><\/p>\n\n\n\n<div class=\"wp-block-file\"><a id=\"wp-block-file--media-1a5a5db5-c25f-4a98-b5e8-874f78f489ff\" href=\"https:\/\/ens2-caba.infd.edu.ar\/sitio\/wp-content\/uploads\/2024\/12\/Programa-de-admision-a-2do-ano-2025.pdf\">PROGRAMA DE ADMISI\u00d3N A 2DO A\u00d1O<\/a><\/div>\n\n\n\n<div class=\"wp-block-file\"><a id=\"wp-block-file--media-d0f5649c-be2a-40c6-8a34-1b279b5ca78e\" href=\"https:\/\/ens2-caba.infd.edu.ar\/sitio\/wp-content\/uploads\/2024\/12\/Programa-de-admision-a-3er-ano-2025.pdf\">PROGRAMA DE ADMISI\u00d3N A 3ER A\u00d1O <\/a><\/div>\n\n\n\n<div class=\"wp-block-file\"><a id=\"wp-block-file--media-8f7bf5ff-9709-4b8a-9935-276cd94bbceb\" href=\"https:\/\/ens2-caba.infd.edu.ar\/sitio\/wp-content\/uploads\/2024\/12\/Programa-de-admision-a-4to-ano-2025.pdf\">PROGRAMA DE ADMISI\u00d3N A 4TO A\u00d1O <\/a><\/div>\n\n\n\n<div class=\"wp-block-file\"><a id=\"wp-block-file--media-396d8c9f-e2f0-44e8-9197-c88823be1ea8\" href=\"https:\/\/ens2-caba.infd.edu.ar\/sitio\/wp-content\/uploads\/2024\/12\/Programa-de-admision-a-5to-ano-2025.pdf\">PROGRAMA DE ADMISI\u00d3N A 5TO A\u00d1O <\/a><\/div>\n\n\n\n<p><\/p>\n","protected":false},"excerpt":{"rendered":"<p>EXAMEN DE ADMISI\u00d3N 2\u00b0 a 5\u00b0 A\u00d1O 25 DE FEBRERO DEL 2026 Idioma franc\u00e9s 9.00 hsIdioma ingl\u00e9s 14.00 hs En el ENS N\u00b0 2 \u201cMariano Acosta\u201d Urquiza 277 \u2013 CABA Se encuentran inscriptos los\/as aspirantes que se anotaron previamente en la Secretar\u00eda del turno tarde. Es indispensable presentar el documento original para acreditar la identidad. &#8230; <a title=\"Admisi\u00f3n 2\u00b0a 5\u00b0a\u00f1o externos\" class=\"read-more\" href=\"https:\/\/ens2-caba.infd.edu.ar\/sitio\/admision\/\" aria-label=\"More on Admisi\u00f3n 2\u00b0a 5\u00b0a\u00f1o externos\">[+]<\/a><\/p>\n","protected":false},"author":1728,"featured_media":0,"parent":0,"menu_order":0,"comment_status":"closed","ping_status":"closed","template":"","meta":[],"acf":[],"_links":{"self":[{"href":"https:\/\/ens2-caba.infd.edu.ar\/sitio\/wp-json\/wp\/v2\/pages\/2762"}],"collection":[{"href":"https:\/\/ens2-caba.infd.edu.ar\/sitio\/wp-json\/wp\/v2\/pages"}],"about":[{"href":"https:\/\/ens2-caba.infd.edu.ar\/sitio\/wp-json\/wp\/v2\/types\/page"}],"author":[{"embeddable":true,"href":"https:\/\/ens2-caba.infd.edu.ar\/sitio\/wp-json\/wp\/v2\/users\/1728"}],"replies":[{"embeddable":true,"href":"https:\/\/ens2-caba.infd.edu.ar\/sitio\/wp-json\/wp\/v2\/comments?post=2762"}],"version-history":[{"count":36,"href":"https:\/\/ens2-caba.infd.edu.ar\/sitio\/wp-json\/wp\/v2\/pages\/2762\/revisions"}],"predecessor-version":[{"id":3892,"href":"https:\/\/ens2-caba.infd.edu.ar\/sitio\/wp-json\/wp\/v2\/pages\/2762\/revisions\/3892"}],"wp:attachment":[{"href":"https:\/\/ens2-caba.infd.edu.ar\/sitio\/wp-json\/wp\/v2\/media?parent=2762"}],"curies":[{"name":"wp","href":"https:\/\/api.w.org\/{rel}","templated":true}]}}