{"id":2546,"date":"2020-06-17T18:00:28","date_gmt":"2020-06-17T21:00:28","guid":{"rendered":"https:\/\/ens2-caba.infd.edu.ar\/sitio\/?page_id=2546"},"modified":"2020-08-13T20:58:00","modified_gmt":"2020-08-13T23:58:00","slug":"la-voz-de-nuestrxs-maestrxs","status":"publish","type":"page","link":"https:\/\/ens2-caba.infd.edu.ar\/sitio\/la-voz-de-nuestrxs-maestrxs\/","title":{"rendered":"HORA C\u00c1TEDRA"},"content":{"rendered":"<h3 style=\"text-align: center;\"><em>LA VOZ DE LXS MAESTRXS<\/em><\/h3>\n<p>&nbsp;<\/p>\n<h4 style=\"text-align: center;\"><strong><a href=\"https:\/\/youtu.be\/Eg5Oldl8j-I\" target=\"_blank\" rel=\"noopener\">HORA C\u00c1TEDRA &#8211; PROGRAMA 7<\/a><\/strong><\/h4>\n<h4 style=\"text-align: center;\"><a href=\"https:\/\/www.instagram.com\/tv\/CD1kqXPAA7_\/\" target=\"_blank\" rel=\"noopener\"><img decoding=\"async\" loading=\"lazy\" class=\"aligncenter wp-image-2556\" src=\"https:\/\/ens2-caba.infd.edu.ar\/sitio\/wp-content\/uploads\/2020\/06\/Instagram.jpg\" alt=\"\" width=\"140\" height=\"136\" \/><\/a><\/h4>\n<h4 style=\"text-align: center;\"><a href=\"https:\/\/youtu.be\/AWZ50OGarUE\" target=\"_blank\" rel=\"noopener\">HORA C\u00c1TEDRA &#8211; PROGRAMA 6<\/a><\/h4>\n<h4 style=\"text-align: center;\"><a href=\"https:\/\/youtu.be\/9p0mBtvKf-k\" target=\"_blank\" rel=\"noopener\">HORA C\u00c1TEDRA &#8211; PROGRAMA 5<\/a><\/h4>\n<h4 style=\"text-align: center;\"><a href=\"https:\/\/youtu.be\/RAIKsg0StTQ\" target=\"_blank\" rel=\"noopener\">HORA C\u00c1TEDRA &#8211; PROGRAMA 4<\/a><\/h4>\n<h4 style=\"text-align: center;\"><a href=\"https:\/\/youtu.be\/GgbOAUx-sPY\" target=\"_blank\" rel=\"noopener\">HORA C\u00c1TEDRA &#8211; PROGRAMA 3<\/a><\/h4>\n<h4 style=\"text-align: center;\"><a href=\"https:\/\/youtu.be\/m6sfUIE0Cqk\" target=\"_blank\" rel=\"noopener\">HORA C\u00c1TEDRA &#8211; PROGRAMA 2<\/a><\/h4>\n<h4 style=\"text-align: center;\"><a href=\"https:\/\/youtu.be\/TwIzm8DIyXY\" target=\"_blank\" rel=\"noopener\">HORA C\u00c1TEDRA &#8211; PROGRAMA 1<\/a><\/h4>\n","protected":false},"excerpt":{"rendered":"<p>LA VOZ DE LXS MAESTRXS &nbsp; HORA C\u00c1TEDRA &#8211; PROGRAMA 7 HORA C\u00c1TEDRA &#8211; PROGRAMA 6 HORA C\u00c1TEDRA &#8211; PROGRAMA 5 HORA C\u00c1TEDRA &#8211; PROGRAMA 4 HORA C\u00c1TEDRA &#8211; PROGRAMA 3 HORA C\u00c1TEDRA &#8211; PROGRAMA 2 HORA C\u00c1TEDRA &#8211; PROGRAMA 1<\/p>\n","protected":false},"author":1728,"featured_media":0,"parent":0,"menu_order":0,"comment_status":"closed","ping_status":"closed","template":"","meta":[],"acf":[],"_links":{"self":[{"href":"https:\/\/ens2-caba.infd.edu.ar\/sitio\/wp-json\/wp\/v2\/pages\/2546"}],"collection":[{"href":"https:\/\/ens2-caba.infd.edu.ar\/sitio\/wp-json\/wp\/v2\/pages"}],"about":[{"href":"https:\/\/ens2-caba.infd.edu.ar\/sitio\/wp-json\/wp\/v2\/types\/page"}],"author":[{"embeddable":true,"href":"https:\/\/ens2-caba.infd.edu.ar\/sitio\/wp-json\/wp\/v2\/users\/1728"}],"replies":[{"embeddable":true,"href":"https:\/\/ens2-caba.infd.edu.ar\/sitio\/wp-json\/wp\/v2\/comments?post=2546"}],"version-history":[{"count":24,"href":"https:\/\/ens2-caba.infd.edu.ar\/sitio\/wp-json\/wp\/v2\/pages\/2546\/revisions"}],"predecessor-version":[{"id":2698,"href":"https:\/\/ens2-caba.infd.edu.ar\/sitio\/wp-json\/wp\/v2\/pages\/2546\/revisions\/2698"}],"wp:attachment":[{"href":"https:\/\/ens2-caba.infd.edu.ar\/sitio\/wp-json\/wp\/v2\/media?parent=2546"}],"curies":[{"name":"wp","href":"https:\/\/api.w.org\/{rel}","templated":true}]}}