{"id":2122,"date":"2019-12-02T19:00:10","date_gmt":"2019-12-02T22:00:10","guid":{"rendered":"https:\/\/ens2-caba.infd.edu.ar\/sitio\/?page_id=2122"},"modified":"2021-11-01T12:04:56","modified_gmt":"2021-11-01T15:04:56","slug":"mucho-mas-que-2","status":"publish","type":"page","link":"https:\/\/ens2-caba.infd.edu.ar\/sitio\/mucho-mas-que-2\/","title":{"rendered":"MUCHO M\u00c1S QUE 2"},"content":{"rendered":"<h3 style=\"text-align: center;\"><em>En la escuela codo a codo somos\u00a0<\/em><\/h3>\n<h2 style=\"text-align: center;\"><em>\u00a0Mucho m\u00e1s que 2<\/em><\/h2>\n<h3 style=\"text-align: center;\"><em>Revista Digital<\/em><\/h3>\n<p>Mucho m\u00e1s que 2 es una producci\u00f3n digital del colectivo de la ENS Nro 2 \u00abMariano Acosta\u00bb con el objetivo de visibilizar algunas producciones de estudiantes y docentes de todos los niveles.<\/p>\n<h4 style=\"text-align: center;\"><a href=\"https:\/\/ens2-caba.infd.edu.ar\/sitio\/wp-content\/uploads\/2021\/11\/Revista-2021.pdf\" target=\"_blank\" rel=\"noopener\">MUCHO M\u00c1S QUE 2- N\u00b03 en formato PDF<\/a><\/h4>\n<h4 style=\"text-align: center;\"><a href=\"https:\/\/ens2-caba.infd.edu.ar\/sitio\/wp-content\/uploads\/2020\/08\/MUCHO-M\u00c1S-QUE-2-N\u00b02.pdf\" target=\"_blank\" rel=\"noopener\">MUCHO M\u00c1S QUE 2- N\u00b02 en formato PDF<\/a><\/h4>\n<h4 style=\"text-align: center;\"><a href=\"https:\/\/issuu.com\/muchomasque2acosta\/docs\/mucho_m_s_que_2-2\" target=\"_blank\" rel=\"noopener\">WEB<\/a><\/h4>\n<p><a href=\"https:\/\/issuu.com\/muchomasque2acosta\/docs\/mucho_m_s_que_2-2\" target=\"_blank\" rel=\"noopener\"><img decoding=\"async\" loading=\"lazy\" class=\"aligncenter wp-image-2712\" src=\"https:\/\/ens2-caba.infd.edu.ar\/sitio\/wp-content\/uploads\/2020\/08\/Pagine-da-MUCHO-M\u00c1S-QUE-2-2-707x1000.jpg\" alt=\"\" width=\"294\" height=\"416\" srcset=\"https:\/\/ens2-caba.infd.edu.ar\/sitio\/wp-content\/uploads\/2020\/08\/Pagine-da-MUCHO-M\u00c1S-QUE-2-2-707x1000.jpg 707w, https:\/\/ens2-caba.infd.edu.ar\/sitio\/wp-content\/uploads\/2020\/08\/Pagine-da-MUCHO-M\u00c1S-QUE-2-2-768x1086.jpg 768w, https:\/\/ens2-caba.infd.edu.ar\/sitio\/wp-content\/uploads\/2020\/08\/Pagine-da-MUCHO-M\u00c1S-QUE-2-2-1344x1900.jpg 1344w, https:\/\/ens2-caba.infd.edu.ar\/sitio\/wp-content\/uploads\/2020\/08\/Pagine-da-MUCHO-M\u00c1S-QUE-2-2.jpg 1654w\" sizes=\"(max-width: 294px) 100vw, 294px\" \/><\/a><\/p>\n<h3><\/h3>\n<h3 style=\"text-align: center;\"><a href=\"https:\/\/ens2-caba.infd.edu.ar\/sitio\/wp-content\/uploads\/2019\/12\/Mucho-m\u00e1s-que-2.pdf\" target=\"_blank\" rel=\"noopener\">MUCHO M\u00c1S QUE 2 N\u00famero 1\u00a0 en PDF<\/a><\/h3>\n<h3 style=\"text-align: center;\"><a href=\"https:\/\/issuu.com\/muchomasque2acosta\/docs\/mucho_m_s_que_2-1\" target=\"_blank\" rel=\"noopener\"><span style=\"color: #993366;\">WEB<\/span><\/a><\/h3>\n<p><a href=\"https:\/\/issuu.com\/muchomasque2acosta\/docs\/mucho_m_s_que_2-1\"><img decoding=\"async\" loading=\"lazy\" class=\"aligncenter wp-image-2115\" src=\"https:\/\/ens2-caba.infd.edu.ar\/sitio\/wp-content\/uploads\/2019\/12\/Mucho-m\u00e1s-que-2_P\u00e1gina_01-747x1000.jpg\" alt=\"\" width=\"210\" height=\"281\" srcset=\"https:\/\/ens2-caba.infd.edu.ar\/sitio\/wp-content\/uploads\/2019\/12\/Mucho-m\u00e1s-que-2_P\u00e1gina_01-747x1000.jpg 747w, https:\/\/ens2-caba.infd.edu.ar\/sitio\/wp-content\/uploads\/2019\/12\/Mucho-m\u00e1s-que-2_P\u00e1gina_01-768x1029.jpg 768w, https:\/\/ens2-caba.infd.edu.ar\/sitio\/wp-content\/uploads\/2019\/12\/Mucho-m\u00e1s-que-2_P\u00e1gina_01.jpg 943w\" sizes=\"(max-width: 210px) 100vw, 210px\" \/><\/a><\/p>\n","protected":false},"excerpt":{"rendered":"<p>En la escuela codo a codo somos\u00a0 \u00a0Mucho m\u00e1s que 2 Revista Digital Mucho m\u00e1s que 2 es una producci\u00f3n digital del colectivo de la ENS Nro 2 \u00abMariano Acosta\u00bb con el objetivo de visibilizar algunas producciones de estudiantes y docentes de todos los niveles. MUCHO M\u00c1S QUE 2- N\u00b03 en formato PDF MUCHO M\u00c1S &#8230; <a title=\"MUCHO M\u00c1S QUE 2\" class=\"read-more\" href=\"https:\/\/ens2-caba.infd.edu.ar\/sitio\/mucho-mas-que-2\/\" aria-label=\"More on MUCHO M\u00c1S QUE 2\">[+]<\/a><\/p>\n","protected":false},"author":1728,"featured_media":0,"parent":0,"menu_order":0,"comment_status":"closed","ping_status":"closed","template":"","meta":[],"acf":[],"_links":{"self":[{"href":"https:\/\/ens2-caba.infd.edu.ar\/sitio\/wp-json\/wp\/v2\/pages\/2122"}],"collection":[{"href":"https:\/\/ens2-caba.infd.edu.ar\/sitio\/wp-json\/wp\/v2\/pages"}],"about":[{"href":"https:\/\/ens2-caba.infd.edu.ar\/sitio\/wp-json\/wp\/v2\/types\/page"}],"author":[{"embeddable":true,"href":"https:\/\/ens2-caba.infd.edu.ar\/sitio\/wp-json\/wp\/v2\/users\/1728"}],"replies":[{"embeddable":true,"href":"https:\/\/ens2-caba.infd.edu.ar\/sitio\/wp-json\/wp\/v2\/comments?post=2122"}],"version-history":[{"count":14,"href":"https:\/\/ens2-caba.infd.edu.ar\/sitio\/wp-json\/wp\/v2\/pages\/2122\/revisions"}],"predecessor-version":[{"id":3140,"href":"https:\/\/ens2-caba.infd.edu.ar\/sitio\/wp-json\/wp\/v2\/pages\/2122\/revisions\/3140"}],"wp:attachment":[{"href":"https:\/\/ens2-caba.infd.edu.ar\/sitio\/wp-json\/wp\/v2\/media?parent=2122"}],"curies":[{"name":"wp","href":"https:\/\/api.w.org\/{rel}","templated":true}]}}