{"id":1670,"date":"2019-04-12T21:58:46","date_gmt":"2019-04-13T00:58:46","guid":{"rendered":"https:\/\/ens2-caba.infd.edu.ar\/sitio\/?page_id=1670"},"modified":"2020-07-03T22:45:33","modified_gmt":"2020-07-04T01:45:33","slug":"programas-quinto-ano-hasta-el-ano-2018","status":"publish","type":"page","link":"https:\/\/ens2-caba.infd.edu.ar\/sitio\/programas-quinto-ano-hasta-el-ano-2018\/","title":{"rendered":"Programas quinto a\u00f1o 2018"},"content":{"rendered":"<h3 style=\"text-align: center;\">Programas quinto a\u00f1o<\/h3>\n<p><a href=\"https:\/\/ens2-caba.infd.edu.ar\/sitio\/wp-content\/uploads\/2019\/04\/5-Biolog\u00eda-5\u00b0biol\u00f3gico.pdf\">5-Biolog\u00eda 5\u00b0biol\u00f3gico<\/a><\/p>\n<p><a href=\"https:\/\/ens2-caba.infd.edu.ar\/sitio\/wp-content\/uploads\/2019\/04\/5-Ed.C\u00edvica-5\u00b02.pdf\">5-Ed.C\u00edvica 5\u00b02<\/a><\/p>\n<p><a href=\"https:\/\/ens2-caba.infd.edu.ar\/sitio\/wp-content\/uploads\/2019\/04\/5-Educaci\u00f3n-f\u00edsica-5\u00b0.pdf\">5-Educaci\u00f3n f\u00edsica 5\u00b0<\/a><\/p>\n<p><a href=\"https:\/\/ens2-caba.infd.edu.ar\/sitio\/wp-content\/uploads\/2019\/04\/5-ESEA-5\u00b01.pdf\">5-ESEA-5\u00b01<\/a><\/p>\n<p><a href=\"https:\/\/ens2-caba.infd.edu.ar\/sitio\/wp-content\/uploads\/2019\/04\/5-Fisica-5\u00b0-Biologico.pdf\">5-F\u00edsica-5\u00b0-Biol\u00f3gico<\/a><\/p>\n<p><a href=\"https:\/\/ens2-caba.infd.edu.ar\/sitio\/wp-content\/uploads\/2019\/04\/5-Fisica-Fisico-Matematico.pdf\">5-F\u00edsica-F\u00edsico-Matem\u00e1tico<\/a><\/p>\n<p><a href=\"https:\/\/ens2-caba.infd.edu.ar\/sitio\/wp-content\/uploads\/2019\/04\/5-Geograf\u00eda-5\u00b0Biol\u00f3gico-y-F\u00edsico-Matem\u00e1tico.pdf\">5-Geograf\u00eda-5\u00b0Biol\u00f3gico-y-F\u00edsico-Matem\u00e1tico<\/a><\/p>\n<p><a href=\"https:\/\/ens2-caba.infd.edu.ar\/sitio\/wp-content\/uploads\/2019\/04\/5-Historia-social-de-la-educaci\u00f3n-5\u00b0-pedag\u00f3gico.pdf\">5-Historia social de la educaci\u00f3n-5\u00b0-pedag\u00f3gico<\/a><\/p>\n<p><a href=\"https:\/\/ens2-caba.infd.edu.ar\/sitio\/wp-content\/uploads\/2019\/04\/5-Historia_5to.pdf\">5-Historia_5to<\/a><\/p>\n<p><a href=\"https:\/\/ens2-caba.infd.edu.ar\/sitio\/wp-content\/uploads\/2019\/04\/5-Literatura-5\u00b0.pdf\">5-Literatura-5\u00b0<\/a><\/p>\n<p><a href=\"https:\/\/ens2-caba.infd.edu.ar\/sitio\/wp-content\/uploads\/2019\/04\/5-L\u00f3gica-5\u00b0.pdf\">5-L\u00f3gica-5\u00b0<\/a><\/p>\n<p><a href=\"https:\/\/ens2-caba.infd.edu.ar\/sitio\/wp-content\/uploads\/2019\/04\/5-Matem\u00e1tica_5\u00b03.pdf\">5-Matem\u00e1tica_5\u00b03<\/a><\/p>\n<p><a href=\"https:\/\/ens2-caba.infd.edu.ar\/sitio\/wp-content\/uploads\/2019\/04\/5-Matematica-5\u00b01-y-5\u00b03.pdf\">5-Matem\u00e1tica-5\u00b01 y 5\u00b03<\/a><\/p>\n<p><a href=\"https:\/\/ens2-caba.infd.edu.ar\/sitio\/wp-content\/uploads\/2019\/04\/5-matematica-5\u00b05\u00b0y-5\u00b06.pdf\">5-Matem\u00e1tica-5\u00b05\u00b0y 5\u00b06<\/a><\/p>\n<p><a href=\"https:\/\/ens2-caba.infd.edu.ar\/sitio\/wp-content\/uploads\/2019\/04\/5-Psicolog\u00eda-Educ.-5\u00b02-5\u00b07-5\u00b04.pdf\">5-Psicolog\u00eda Educ. 5\u00b02-5\u00b07-5\u00b04<\/a><\/p>\n<p><a href=\"https:\/\/ens2-caba.infd.edu.ar\/sitio\/wp-content\/uploads\/2019\/04\/5-Qu\u00edmica-5\u00b0Biol\u00f3gico.pdf\">5-Qu\u00edmica-5\u00b0Biol\u00f3gico<\/a><\/p>\n<p><a href=\"https:\/\/ens2-caba.infd.edu.ar\/sitio\/wp-content\/uploads\/2019\/04\/5-Quimica-5\u00b0-fisico-matematico.pdf\">5-Qu\u00edmica-5\u00b0-f\u00edsico-matem\u00e1tico<\/a><\/p>\n<p><a href=\"https:\/\/ens2-caba.infd.edu.ar\/sitio\/wp-content\/uploads\/2019\/04\/5-Quimica-5\u00ba-pedag\u00f3gico.pdf\">5-Qu\u00edmica-5\u00ba-pedag\u00f3gico<\/a><\/p>\n","protected":false},"excerpt":{"rendered":"<p>Programas quinto a\u00f1o 5-Biolog\u00eda 5\u00b0biol\u00f3gico 5-Ed.C\u00edvica 5\u00b02 5-Educaci\u00f3n f\u00edsica 5\u00b0 5-ESEA-5\u00b01 5-F\u00edsica-5\u00b0-Biol\u00f3gico 5-F\u00edsica-F\u00edsico-Matem\u00e1tico 5-Geograf\u00eda-5\u00b0Biol\u00f3gico-y-F\u00edsico-Matem\u00e1tico 5-Historia social de la educaci\u00f3n-5\u00b0-pedag\u00f3gico 5-Historia_5to 5-Literatura-5\u00b0 5-L\u00f3gica-5\u00b0 5-Matem\u00e1tica_5\u00b03 5-Matem\u00e1tica-5\u00b01 y 5\u00b03 5-Matem\u00e1tica-5\u00b05\u00b0y 5\u00b06 5-Psicolog\u00eda Educ. 5\u00b02-5\u00b07-5\u00b04 5-Qu\u00edmica-5\u00b0Biol\u00f3gico 5-Qu\u00edmica-5\u00b0-f\u00edsico-matem\u00e1tico 5-Qu\u00edmica-5\u00ba-pedag\u00f3gico<\/p>\n","protected":false},"author":4,"featured_media":0,"parent":0,"menu_order":0,"comment_status":"closed","ping_status":"closed","template":"","meta":[],"acf":[],"_links":{"self":[{"href":"https:\/\/ens2-caba.infd.edu.ar\/sitio\/wp-json\/wp\/v2\/pages\/1670"}],"collection":[{"href":"https:\/\/ens2-caba.infd.edu.ar\/sitio\/wp-json\/wp\/v2\/pages"}],"about":[{"href":"https:\/\/ens2-caba.infd.edu.ar\/sitio\/wp-json\/wp\/v2\/types\/page"}],"author":[{"embeddable":true,"href":"https:\/\/ens2-caba.infd.edu.ar\/sitio\/wp-json\/wp\/v2\/users\/4"}],"replies":[{"embeddable":true,"href":"https:\/\/ens2-caba.infd.edu.ar\/sitio\/wp-json\/wp\/v2\/comments?post=1670"}],"version-history":[{"count":8,"href":"https:\/\/ens2-caba.infd.edu.ar\/sitio\/wp-json\/wp\/v2\/pages\/1670\/revisions"}],"predecessor-version":[{"id":1829,"href":"https:\/\/ens2-caba.infd.edu.ar\/sitio\/wp-json\/wp\/v2\/pages\/1670\/revisions\/1829"}],"wp:attachment":[{"href":"https:\/\/ens2-caba.infd.edu.ar\/sitio\/wp-json\/wp\/v2\/media?parent=1670"}],"curies":[{"name":"wp","href":"https:\/\/api.w.org\/{rel}","templated":true}]}}