{"id":1668,"date":"2019-04-12T21:58:32","date_gmt":"2019-04-13T00:58:32","guid":{"rendered":"https:\/\/ens2-caba.infd.edu.ar\/sitio\/?page_id=1668"},"modified":"2020-07-03T22:44:41","modified_gmt":"2020-07-04T01:44:41","slug":"programas-cuarto-ano-hasta-el-ano-2018","status":"publish","type":"page","link":"https:\/\/ens2-caba.infd.edu.ar\/sitio\/programas-cuarto-ano-hasta-el-ano-2018\/","title":{"rendered":"Programas cuarto a\u00f1o 2018"},"content":{"rendered":"<h3 style=\"text-align: center;\">Programas cuarto a\u00f1o<\/h3>\n<p><a href=\"https:\/\/ens2-caba.infd.edu.ar\/sitio\/wp-content\/uploads\/2019\/04\/4-Historia-unificado-4\u00b0.pdf\">4-Historia-unificado 4\u00b0<\/a><\/p>\n<p><a href=\"https:\/\/ens2-caba.infd.edu.ar\/sitio\/wp-content\/uploads\/2019\/04\/4-Filosof\u00eda-de-la-ciencia-y-de-la-tecnolog\u00eda-4\u00b0.pdf\">4-Filosof\u00eda de la ciencia y de la tecnolog\u00eda 4\u00b0<\/a><\/p>\n<p><a href=\"https:\/\/ens2-caba.infd.edu.ar\/sitio\/wp-content\/uploads\/2019\/04\/4-Educaci\u00f3n-y-Psicolog\u00eda-4\u00b0.pdf\">4- Educaci\u00f3n y Psicolog\u00eda 4\u00b0<\/a><\/p>\n<p><a href=\"https:\/\/ens2-caba.infd.edu.ar\/sitio\/wp-content\/uploads\/2019\/04\/4-Matem\u00e1tica-4\u00b0-biol\u00f3gico-y-pedag.pdf\">4-Matem\u00e1tica-4\u00b0 biol\u00f3gico y pedag<\/a><\/p>\n<p><a href=\"https:\/\/ens2-caba.infd.edu.ar\/sitio\/wp-content\/uploads\/2019\/04\/4-Arte-pl\u00e1stica-4\u00b03-y-4\u00b06.pdf\">4-Arte pl\u00e1stica 4\u00b03 y 4\u00b06<\/a><\/p>\n<p><a href=\"https:\/\/ens2-caba.infd.edu.ar\/sitio\/wp-content\/uploads\/2019\/04\/4-Artes-visuales-4\u00b02.pdf\">4-Artes visuales 4\u00b02<\/a><\/p>\n<p><a href=\"https:\/\/ens2-caba.infd.edu.ar\/sitio\/wp-content\/uploads\/2019\/04\/4-Ecolog\u00eda-4\u00b0.pdf\">4-Ecolog\u00eda 4\u00b0<\/a><\/p>\n<p><a href=\"https:\/\/ens2-caba.infd.edu.ar\/sitio\/wp-content\/uploads\/2019\/04\/4-Ecolog\u00eda-4\u00b0-2.pdf\">4-Ecolog\u00eda 4\u00b0-2<\/a><\/p>\n<p><a href=\"https:\/\/ens2-caba.infd.edu.ar\/sitio\/wp-content\/uploads\/2019\/04\/4-EDI-4\u00b0-Introducci\u00f3n-a-la-qu\u00edmica-2.pdf\">4-EDI 4\u00b0 Introducci\u00f3n a la qu\u00edmica 2<\/a><\/p>\n<p><a href=\"https:\/\/ens2-caba.infd.edu.ar\/sitio\/wp-content\/uploads\/2019\/04\/4-EDI-4\u00b0Debates-pedag\u00f3gicos-en-b\u00fasqueda-de-la-construcci\u00f3n-de-conocimientos.pdf\">4-EDI 4\u00b0Debates pedag\u00f3gicos en b\u00fasqueda de la construcci\u00f3n de conocimientos<\/a><\/p>\n<p><a href=\"https:\/\/ens2-caba.infd.edu.ar\/sitio\/wp-content\/uploads\/2019\/04\/4-Educaci\u00f3n-F\u00edsica-4\u00b0.pdf\">4-Educaci\u00f3n F\u00edsica 4\u00b0<\/a><\/p>\n<p><a href=\"https:\/\/ens2-caba.infd.edu.ar\/sitio\/wp-content\/uploads\/2019\/04\/4-F\u00edsica-4\u00b0-BOD-.pdf\">4-F\u00edsica 4\u00b0 BOD<\/a><\/p>\n<p><a href=\"https:\/\/ens2-caba.infd.edu.ar\/sitio\/wp-content\/uploads\/2019\/04\/4-F\u00edsica-4\u00b01-y-4\u00b06.pdf\">4-F\u00edsica 4\u00b01 y 4\u00b06<\/a><\/p>\n<p><a href=\"https:\/\/ens2-caba.infd.edu.ar\/sitio\/wp-content\/uploads\/2019\/04\/4-F\u00edsica-y-tecnolog\u00eda-4\u00b0-f\u00edsico-matem\u00e1tico.pdf\">4-F\u00edsica y tecnolog\u00eda 4\u00b0 f\u00edsico-matem\u00e1tico<\/a><\/p>\n<p><a href=\"https:\/\/ens2-caba.infd.edu.ar\/sitio\/wp-content\/uploads\/2019\/04\/4-F\u00edsica-y-Tecnolog\u00eda-4\u00b0.pdf\">4-F\u00edsica y Tecnolog\u00eda 4\u00b0<\/a><\/p>\n<p><a href=\"https:\/\/ens2-caba.infd.edu.ar\/sitio\/wp-content\/uploads\/2019\/04\/4-F\u00edsica-4\u00b0-f\u00edsico-matem\u00e1tico.pdf\">4-F\u00edsica-4\u00b0 f\u00edsico-matem\u00e1tico<\/a><\/p>\n<p><a href=\"https:\/\/ens2-caba.infd.edu.ar\/sitio\/wp-content\/uploads\/2019\/04\/4-Formaci\u00f3n-Etica-y-Ciudadana-4\u00b0.pdf\">4-Formaci\u00f3n Etica y Ciudadana 4\u00b0<\/a><\/p>\n<p><a href=\"https:\/\/ens2-caba.infd.edu.ar\/sitio\/wp-content\/uploads\/2019\/04\/4-Geograf\u00eda-4\u00b0.pdf\">4-Geograf\u00eda 4\u00b0<\/a><\/p>\n<p><a href=\"https:\/\/ens2-caba.infd.edu.ar\/sitio\/wp-content\/uploads\/2019\/04\/4-Historia-4\u00ba3-y-4\u00ba6.pdf\">4-Historia 4\u00ba3 y 4\u00ba6<\/a><\/p>\n<p><a href=\"https:\/\/ens2-caba.infd.edu.ar\/sitio\/wp-content\/uploads\/2019\/04\/4-Lengua-y-Literatura-4\u00b0.pdf\">4-Lengua y Literatura 4\u00b0<\/a><\/p>\n<p><a href=\"https:\/\/ens2-caba.infd.edu.ar\/sitio\/wp-content\/uploads\/2019\/04\/4-L\u00f3gica-y-filosof\u00eda-de-la-ciencia-4\u00b05.pdf\">4-L\u00f3gica y filosof\u00eda de la ciencia 4\u00b05<\/a><\/p>\n<p><a href=\"https:\/\/ens2-caba.infd.edu.ar\/sitio\/wp-content\/uploads\/2019\/04\/4-Matem\u00e1tica-4\u00b01-y-4\u00b06.pdf\">4-Matem\u00e1tica 4\u00b01 y 4\u00b06<\/a><\/p>\n<p><a href=\"https:\/\/ens2-caba.infd.edu.ar\/sitio\/wp-content\/uploads\/2019\/04\/4-Matem\u00e1tica-4\u00b024\u00b04-y-4\u00b07.pdf\">4-Matem\u00e1tica 4\u00b02,4\u00b04 y 4\u00b07<\/a><\/p>\n<p><a href=\"https:\/\/ens2-caba.infd.edu.ar\/sitio\/wp-content\/uploads\/2019\/04\/4-Matem\u00e1tica-4\u00b03-y-4\u00b05.pdf\">4-Matem\u00e1tica 4\u00b03 y 4\u00b05<\/a><\/p>\n<p><a href=\"https:\/\/ens2-caba.infd.edu.ar\/sitio\/wp-content\/uploads\/2019\/04\/4-M\u00fasica-4\u00b0.pdf\">4-M\u00fasica 4\u00b0<\/a><\/p>\n<p><a href=\"https:\/\/ens2-caba.infd.edu.ar\/sitio\/wp-content\/uploads\/2019\/04\/4-Sociologia-4\u00b07.pdf\">4-Sociologia 4\u00b07<\/a><\/p>\n<p><a href=\"https:\/\/ens2-caba.infd.edu.ar\/sitio\/wp-content\/uploads\/2019\/04\/4-Sujeto-de-la-educaci\u00f3n-4\u00b02-y-4\u00b04.pdf\">4-Sujeto de la educaci\u00f3n 4\u00b02 y 4\u00b04<\/a><\/p>\n<p><a href=\"https:\/\/ens2-caba.infd.edu.ar\/sitio\/wp-content\/uploads\/2019\/04\/4-Taller-de-artes-visuales-4\u00b07.pdf\">4-Taller de artes visuales 4\u00b07<\/a><\/p>\n","protected":false},"excerpt":{"rendered":"<p>Programas cuarto a\u00f1o 4-Historia-unificado 4\u00b0 4-Filosof\u00eda de la ciencia y de la tecnolog\u00eda 4\u00b0 4- Educaci\u00f3n y Psicolog\u00eda 4\u00b0 4-Matem\u00e1tica-4\u00b0 biol\u00f3gico y pedag 4-Arte pl\u00e1stica 4\u00b03 y 4\u00b06 4-Artes visuales 4\u00b02 4-Ecolog\u00eda 4\u00b0 4-Ecolog\u00eda 4\u00b0-2 4-EDI 4\u00b0 Introducci\u00f3n a la qu\u00edmica 2 4-EDI 4\u00b0Debates pedag\u00f3gicos en b\u00fasqueda de la construcci\u00f3n de conocimientos 4-Educaci\u00f3n F\u00edsica 4\u00b0 &#8230; <a title=\"Programas cuarto a\u00f1o 2018\" class=\"read-more\" href=\"https:\/\/ens2-caba.infd.edu.ar\/sitio\/programas-cuarto-ano-hasta-el-ano-2018\/\" aria-label=\"More on Programas cuarto a\u00f1o 2018\">[+]<\/a><\/p>\n","protected":false},"author":4,"featured_media":0,"parent":0,"menu_order":0,"comment_status":"closed","ping_status":"closed","template":"","meta":[],"acf":[],"_links":{"self":[{"href":"https:\/\/ens2-caba.infd.edu.ar\/sitio\/wp-json\/wp\/v2\/pages\/1668"}],"collection":[{"href":"https:\/\/ens2-caba.infd.edu.ar\/sitio\/wp-json\/wp\/v2\/pages"}],"about":[{"href":"https:\/\/ens2-caba.infd.edu.ar\/sitio\/wp-json\/wp\/v2\/types\/page"}],"author":[{"embeddable":true,"href":"https:\/\/ens2-caba.infd.edu.ar\/sitio\/wp-json\/wp\/v2\/users\/4"}],"replies":[{"embeddable":true,"href":"https:\/\/ens2-caba.infd.edu.ar\/sitio\/wp-json\/wp\/v2\/comments?post=1668"}],"version-history":[{"count":7,"href":"https:\/\/ens2-caba.infd.edu.ar\/sitio\/wp-json\/wp\/v2\/pages\/1668\/revisions"}],"predecessor-version":[{"id":1826,"href":"https:\/\/ens2-caba.infd.edu.ar\/sitio\/wp-json\/wp\/v2\/pages\/1668\/revisions\/1826"}],"wp:attachment":[{"href":"https:\/\/ens2-caba.infd.edu.ar\/sitio\/wp-json\/wp\/v2\/media?parent=1668"}],"curies":[{"name":"wp","href":"https:\/\/api.w.org\/{rel}","templated":true}]}}