{"id":1665,"date":"2019-04-12T21:58:19","date_gmt":"2019-04-13T00:58:19","guid":{"rendered":"https:\/\/ens2-caba.infd.edu.ar\/sitio\/?page_id=1665"},"modified":"2020-07-03T22:46:28","modified_gmt":"2020-07-04T01:46:28","slug":"programas-tercer-ano-hasta-el-ano-2018","status":"publish","type":"page","link":"https:\/\/ens2-caba.infd.edu.ar\/sitio\/programas-tercer-ano-hasta-el-ano-2018\/","title":{"rendered":"Programas tercer a\u00f1o 2018"},"content":{"rendered":"<h3 style=\"text-align: center;\">Programas de tercer a\u00f1o<\/h3>\n<p><a href=\"https:\/\/ens2-caba.infd.edu.ar\/sitio\/wp-content\/uploads\/2019\/04\/3-Historia-de-la-vida-y-de-la-tierra-3\u00b06.pdf\">3-Historia de la vida y de la tierra 3\u00b06<\/a><\/p>\n<p><a href=\"https:\/\/ens2-caba.infd.edu.ar\/sitio\/wp-content\/uploads\/2019\/04\/3-Introducci\u00f3n-a-las-c.sociales-y-a-las-humanidades-3\u00b07.pdf\">3-Introducci\u00f3n a las c.sociales y a las humanidades 3\u00b07<\/a><\/p>\n<p><a href=\"https:\/\/ens2-caba.infd.edu.ar\/sitio\/wp-content\/uploads\/2019\/04\/3-Literatura-3\u00b0-2018.pdf\">3-Literatura-3\u00b0-2018<\/a><\/p>\n<p><a href=\"https:\/\/ens2-caba.infd.edu.ar\/sitio\/wp-content\/uploads\/2019\/04\/3-Matem\u00e1tica-3\u00b02018.pdf\">3-Matem\u00e1tica-3\u00b02018<\/a><\/p>\n<p><a href=\"https:\/\/ens2-caba.infd.edu.ar\/sitio\/wp-content\/uploads\/2019\/04\/3-Biolog\u00eda-3\u00b0.pdf\">3-Biolog\u00eda-3\u00b0<\/a><\/p>\n<p><a href=\"https:\/\/ens2-caba.infd.edu.ar\/sitio\/wp-content\/uploads\/2019\/04\/3-Econom\u00eda-3\u00b07.pdf\">3-Econom\u00eda-3\u00b07<\/a><\/p>\n<p><a href=\"https:\/\/ens2-caba.infd.edu.ar\/sitio\/wp-content\/uploads\/2019\/04\/3-EDI-3\u00b0-Introducci\u00f3n-a-la-qu\u00edmica.pdf\">3-EDI-3\u00b0-Introducci\u00f3n a la qu\u00edmica<\/a><\/p>\n<p><a href=\"https:\/\/ens2-caba.infd.edu.ar\/sitio\/wp-content\/uploads\/2019\/04\/3-EDI-Educaci\u00f3n-3\u00b02-y-3\u00b04.pdf\">3-EDI-Educaci\u00f3n 3\u00b02 y 3\u00b04<\/a><\/p>\n<p><a href=\"https:\/\/ens2-caba.infd.edu.ar\/sitio\/wp-content\/uploads\/2019\/04\/3-Educaci\u00f3n-F\u00edsica-3\u00b0.pdf\">3-Educaci\u00f3n F\u00edsica 3\u00b0<\/a><\/p>\n<p><a href=\"https:\/\/ens2-caba.infd.edu.ar\/sitio\/wp-content\/uploads\/2019\/04\/3-Educaci\u00f3n-y-proyectos-pol\u00edticos-sociales.pdf\">3-Educaci\u00f3n y proyectos pol\u00edticos sociales<\/a><\/p>\n","protected":false},"excerpt":{"rendered":"<p>Programas de tercer a\u00f1o 3-Historia de la vida y de la tierra 3\u00b06 3-Introducci\u00f3n a las c.sociales y a las humanidades 3\u00b07 3-Literatura-3\u00b0-2018 3-Matem\u00e1tica-3\u00b02018 3-Biolog\u00eda-3\u00b0 3-Econom\u00eda-3\u00b07 3-EDI-3\u00b0-Introducci\u00f3n a la qu\u00edmica 3-EDI-Educaci\u00f3n 3\u00b02 y 3\u00b04 3-Educaci\u00f3n F\u00edsica 3\u00b0 3-Educaci\u00f3n y proyectos pol\u00edticos sociales<\/p>\n","protected":false},"author":4,"featured_media":0,"parent":0,"menu_order":0,"comment_status":"closed","ping_status":"closed","template":"","meta":[],"acf":[],"_links":{"self":[{"href":"https:\/\/ens2-caba.infd.edu.ar\/sitio\/wp-json\/wp\/v2\/pages\/1665"}],"collection":[{"href":"https:\/\/ens2-caba.infd.edu.ar\/sitio\/wp-json\/wp\/v2\/pages"}],"about":[{"href":"https:\/\/ens2-caba.infd.edu.ar\/sitio\/wp-json\/wp\/v2\/types\/page"}],"author":[{"embeddable":true,"href":"https:\/\/ens2-caba.infd.edu.ar\/sitio\/wp-json\/wp\/v2\/users\/4"}],"replies":[{"embeddable":true,"href":"https:\/\/ens2-caba.infd.edu.ar\/sitio\/wp-json\/wp\/v2\/comments?post=1665"}],"version-history":[{"count":12,"href":"https:\/\/ens2-caba.infd.edu.ar\/sitio\/wp-json\/wp\/v2\/pages\/1665\/revisions"}],"predecessor-version":[{"id":1831,"href":"https:\/\/ens2-caba.infd.edu.ar\/sitio\/wp-json\/wp\/v2\/pages\/1665\/revisions\/1831"}],"wp:attachment":[{"href":"https:\/\/ens2-caba.infd.edu.ar\/sitio\/wp-json\/wp\/v2\/media?parent=1665"}],"curies":[{"name":"wp","href":"https:\/\/api.w.org\/{rel}","templated":true}]}}