{"id":1656,"date":"2019-04-12T21:56:44","date_gmt":"2019-04-13T00:56:44","guid":{"rendered":"https:\/\/ens2-caba.infd.edu.ar\/sitio\/?page_id=1656"},"modified":"2020-07-03T22:44:03","modified_gmt":"2020-07-04T01:44:03","slug":"programas-hasta-el-ano-2018","status":"publish","type":"page","link":"https:\/\/ens2-caba.infd.edu.ar\/sitio\/programas-hasta-el-ano-2018\/","title":{"rendered":"Programas  hasta el a\u00f1o 2018"},"content":{"rendered":"<h4><a href=\"https:\/\/ens2-caba.infd.edu.ar\/sitio\/programas-primer-ano-hasta-el-ano-2018\/\" target=\"_blank\" rel=\"noopener\">Programas primer 2018<\/a><\/h4>\n<h4><a href=\"https:\/\/ens2-caba.infd.edu.ar\/sitio\/programas-segundo-ano-hasta-el-ano-2018\/\" target=\"_blank\" rel=\"noopener\">Programas segundo a\u00f1o 2018<\/a><\/h4>\n<h4><a href=\"https:\/\/ens2-caba.infd.edu.ar\/sitio\/programas-tercer-ano-hasta-el-ano-2018\/\" target=\"_blank\" rel=\"noopener\">Programas tercer a\u00f1o 2018<\/a><\/h4>\n<h4><a href=\"https:\/\/ens2-caba.infd.edu.ar\/sitio\/programas-cuarto-ano-hasta-el-ano-2018\/\" target=\"_blank\" rel=\"noopener\">Programas cuarto a\u00f1o 2018<\/a><\/h4>\n<h4><a href=\"https:\/\/ens2-caba.infd.edu.ar\/sitio\/programas-quinto-ano-hasta-el-ano-2018\/\" target=\"_blank\" rel=\"noopener\">Programas quinto a\u00f1o 2018<\/a><\/h4>\n<h4><\/h4>\n","protected":false},"excerpt":{"rendered":"<p>Programas primer 2018 Programas segundo a\u00f1o 2018 Programas tercer a\u00f1o 2018 Programas cuarto a\u00f1o 2018 Programas quinto a\u00f1o 2018<\/p>\n","protected":false},"author":4,"featured_media":0,"parent":0,"menu_order":0,"comment_status":"closed","ping_status":"closed","template":"","meta":[],"acf":[],"_links":{"self":[{"href":"https:\/\/ens2-caba.infd.edu.ar\/sitio\/wp-json\/wp\/v2\/pages\/1656"}],"collection":[{"href":"https:\/\/ens2-caba.infd.edu.ar\/sitio\/wp-json\/wp\/v2\/pages"}],"about":[{"href":"https:\/\/ens2-caba.infd.edu.ar\/sitio\/wp-json\/wp\/v2\/types\/page"}],"author":[{"embeddable":true,"href":"https:\/\/ens2-caba.infd.edu.ar\/sitio\/wp-json\/wp\/v2\/users\/4"}],"replies":[{"embeddable":true,"href":"https:\/\/ens2-caba.infd.edu.ar\/sitio\/wp-json\/wp\/v2\/comments?post=1656"}],"version-history":[{"count":11,"href":"https:\/\/ens2-caba.infd.edu.ar\/sitio\/wp-json\/wp\/v2\/pages\/1656\/revisions"}],"predecessor-version":[{"id":1823,"href":"https:\/\/ens2-caba.infd.edu.ar\/sitio\/wp-json\/wp\/v2\/pages\/1656\/revisions\/1823"}],"wp:attachment":[{"href":"https:\/\/ens2-caba.infd.edu.ar\/sitio\/wp-json\/wp\/v2\/media?parent=1656"}],"curies":[{"name":"wp","href":"https:\/\/api.w.org\/{rel}","templated":true}]}}