{"id":1112,"date":"2018-08-29T14:27:41","date_gmt":"2018-08-29T17:27:41","guid":{"rendered":"https:\/\/ens2-caba.infd.edu.ar\/sitio\/mesas-de-examenes-julio-agosto-2018\/"},"modified":"2026-02-13T15:11:35","modified_gmt":"2026-02-13T18:11:35","slug":"mesas-de-examenes-julio-agosto-2018","status":"publish","type":"page","link":"https:\/\/ens2-caba.infd.edu.ar\/sitio\/mesas-de-examenes-julio-agosto-2018\/","title":{"rendered":"Mesas de ex\u00e1menes Febrero- Marzo 2026"},"content":{"rendered":"\n<p>Para presentarse a las mesas de ex\u00e1menes de Febrero-Marzo  2026 deber\u00e1n completar el siguiente formulario hasta el Martes 17  de febrero a las 23:59:<\/p>\n\n\n\n<p><a rel=\"noreferrer noopener\" href=\"https:\/\/forms.gle\/HJUbsNsEtoF5hWTQ8\" data-type=\"URL\" data-id=\"https:\/\/forms.gle\/HJUbsNsEtoF5hWTQ8\" target=\"_blank\">Formulario de inscripci\u00f3n a finales<\/a> (Disponible desde el 11 de febrero)<\/p>\n\n\n\n<p><strong>POR FAVOR&nbsp; LEE&nbsp; DETENIDAMENTE&nbsp; Y&nbsp; TEN\u00c9 EN CUENTA LO QUE SE SOLICITA.<\/strong><\/p>\n\n\n\n<p>Algunas cuestiones a tener en cuenta, para la inscripci\u00f3n:<\/p>\n\n\n\n<p>&#8211; Por primera vez, desde la implementaci\u00f3n del Sistema SIU-GUARAN\u00cd, la inscripci\u00f3n ser\u00e1 <strong>solo para una de las fechas del llamado de febrero-marzo<\/strong>, por lo cual, al momento de completar el formulario deber\u00e1n elegir si se presentan en la primera (primera semana) o segunda fecha (segunda semana). En caso de no completar ese campo se les anotar\u00e1 directamente en la segunda fecha. <\/p>\n\n\n\n<p>&#8211; En las inscripciones a los finales, record\u00e1 asentar: <strong>la Materia, el Docente, el Turno y A\u00f1o, Cuatrimestre de cursada y si rendir\u00e1n en la primera o segunda fecha de examen.<\/strong>&nbsp; Se ha incluido la posibilidad de inscribirte hasta en 6 materias, ver\u00e1s&nbsp; que&nbsp; empezar\u00e1 el formulario con Materia 1 y as\u00ed consecutivamente, hasta la&nbsp; materia 6.<\/p>\n\n\n\n<p>&#8211; Cuando quieras asentar la Materia, el Turno y el Cuatrimestre y a\u00f1o de cursada, se desplegar\u00e1 la lista correspondiente para cada caso y podr\u00e1s elegir cada uno de ellos. En el caso del dato del Docente, el mismo debe ser asentado en forma particular, sin lista desplegable.<\/p>\n\n\n\n<p>&#8211;<strong> Record\u00e1 manejar el r\u00e9gimen de correlatividades vigentes<\/strong>, para no tener problemas&nbsp; a posterior y no figures en los listados. Ten\u00e9 en cuenta que para rendir finales de algunas de las instancias, previamente debes tener el final de sus correlativas. Por ejemplo, para rendir algunas de las Ense\u00f1anzas 2, debes tener aprobado el final de esa misma Ense\u00f1anza 1 o para rendir Sujetos de la Educaci\u00f3n, debes tener previamente aprobada Psicolog\u00eda Evolutiva y as\u00ed con cualquier otra Instancia Curricular.<\/p>\n\n\n\n<p>&#8211; Para aquellas personas que se inscriban para rendir  <strong>materias en condici\u00f3n de estudiante libre<\/strong>, deber\u00e1n haber pedido la <strong>autorizaci\u00f3n<\/strong> de la Regencia y luego haberse comunicado con el docente con el cual rendir\u00e1n la materia.<\/p>\n\n\n\n<figure class=\"wp-block-image size-full\"><img decoding=\"async\" loading=\"lazy\" width=\"1242\" height=\"1755\" src=\"https:\/\/ens2-caba.infd.edu.ar\/sitio\/wp-content\/uploads\/2026\/02\/Mesas-Febrero-2026-TM_page-0001.jpg\" alt=\"\" class=\"wp-image-3862\" srcset=\"https:\/\/ens2-caba.infd.edu.ar\/sitio\/wp-content\/uploads\/2026\/02\/Mesas-Febrero-2026-TM_page-0001.jpg 1242w, https:\/\/ens2-caba.infd.edu.ar\/sitio\/wp-content\/uploads\/2026\/02\/Mesas-Febrero-2026-TM_page-0001-708x1000.jpg 708w, https:\/\/ens2-caba.infd.edu.ar\/sitio\/wp-content\/uploads\/2026\/02\/Mesas-Febrero-2026-TM_page-0001-768x1085.jpg 768w, https:\/\/ens2-caba.infd.edu.ar\/sitio\/wp-content\/uploads\/2026\/02\/Mesas-Febrero-2026-TM_page-0001-1087x1536.jpg 1087w\" sizes=\"(max-width: 1242px) 100vw, 1242px\" \/><\/figure>\n\n\n\n<figure class=\"wp-block-image size-full\"><img decoding=\"async\" loading=\"lazy\" width=\"1242\" height=\"1755\" src=\"https:\/\/ens2-caba.infd.edu.ar\/sitio\/wp-content\/uploads\/2026\/02\/Mesas-febrero-2026-TT_page-0001.jpg\" alt=\"\" class=\"wp-image-3863\" srcset=\"https:\/\/ens2-caba.infd.edu.ar\/sitio\/wp-content\/uploads\/2026\/02\/Mesas-febrero-2026-TT_page-0001.jpg 1242w, https:\/\/ens2-caba.infd.edu.ar\/sitio\/wp-content\/uploads\/2026\/02\/Mesas-febrero-2026-TT_page-0001-708x1000.jpg 708w, https:\/\/ens2-caba.infd.edu.ar\/sitio\/wp-content\/uploads\/2026\/02\/Mesas-febrero-2026-TT_page-0001-768x1085.jpg 768w, https:\/\/ens2-caba.infd.edu.ar\/sitio\/wp-content\/uploads\/2026\/02\/Mesas-febrero-2026-TT_page-0001-1087x1536.jpg 1087w\" sizes=\"(max-width: 1242px) 100vw, 1242px\" \/><\/figure>\n\n\n\n<figure class=\"wp-block-image size-full\"><img decoding=\"async\" loading=\"lazy\" width=\"1242\" height=\"1755\" src=\"https:\/\/ens2-caba.infd.edu.ar\/sitio\/wp-content\/uploads\/2026\/02\/Mesas-Febrero-2026-TV_page-0001-2.jpg\" alt=\"\" class=\"wp-image-3878\" srcset=\"https:\/\/ens2-caba.infd.edu.ar\/sitio\/wp-content\/uploads\/2026\/02\/Mesas-Febrero-2026-TV_page-0001-2.jpg 1242w, https:\/\/ens2-caba.infd.edu.ar\/sitio\/wp-content\/uploads\/2026\/02\/Mesas-Febrero-2026-TV_page-0001-2-708x1000.jpg 708w, https:\/\/ens2-caba.infd.edu.ar\/sitio\/wp-content\/uploads\/2026\/02\/Mesas-Febrero-2026-TV_page-0001-2-768x1085.jpg 768w, https:\/\/ens2-caba.infd.edu.ar\/sitio\/wp-content\/uploads\/2026\/02\/Mesas-Febrero-2026-TV_page-0001-2-1087x1536.jpg 1087w\" sizes=\"(max-width: 1242px) 100vw, 1242px\" \/><\/figure>\n","protected":false},"excerpt":{"rendered":"<p>Para presentarse a las mesas de ex\u00e1menes de Febrero-Marzo 2026 deber\u00e1n completar el siguiente formulario hasta el Martes 17 de febrero a las 23:59: Formulario de inscripci\u00f3n a finales (Disponible desde el 11 de febrero) POR FAVOR&nbsp; LEE&nbsp; DETENIDAMENTE&nbsp; Y&nbsp; TEN\u00c9 EN CUENTA LO QUE SE SOLICITA. Algunas cuestiones a tener en cuenta, para la &#8230; <a title=\"Mesas de ex\u00e1menes Febrero- Marzo 2026\" class=\"read-more\" href=\"https:\/\/ens2-caba.infd.edu.ar\/sitio\/mesas-de-examenes-julio-agosto-2018\/\" aria-label=\"More on Mesas de ex\u00e1menes Febrero- Marzo 2026\">[+]<\/a><\/p>\n","protected":false},"author":1250,"featured_media":0,"parent":0,"menu_order":0,"comment_status":"closed","ping_status":"closed","template":"","meta":[],"acf":[],"_links":{"self":[{"href":"https:\/\/ens2-caba.infd.edu.ar\/sitio\/wp-json\/wp\/v2\/pages\/1112"}],"collection":[{"href":"https:\/\/ens2-caba.infd.edu.ar\/sitio\/wp-json\/wp\/v2\/pages"}],"about":[{"href":"https:\/\/ens2-caba.infd.edu.ar\/sitio\/wp-json\/wp\/v2\/types\/page"}],"author":[{"embeddable":true,"href":"https:\/\/ens2-caba.infd.edu.ar\/sitio\/wp-json\/wp\/v2\/users\/1250"}],"replies":[{"embeddable":true,"href":"https:\/\/ens2-caba.infd.edu.ar\/sitio\/wp-json\/wp\/v2\/comments?post=1112"}],"version-history":[{"count":12,"href":"https:\/\/ens2-caba.infd.edu.ar\/sitio\/wp-json\/wp\/v2\/pages\/1112\/revisions"}],"predecessor-version":[{"id":3880,"href":"https:\/\/ens2-caba.infd.edu.ar\/sitio\/wp-json\/wp\/v2\/pages\/1112\/revisions\/3880"}],"wp:attachment":[{"href":"https:\/\/ens2-caba.infd.edu.ar\/sitio\/wp-json\/wp\/v2\/media?parent=1112"}],"curies":[{"name":"wp","href":"https:\/\/api.w.org\/{rel}","templated":true}]}}